{"id":3214,"date":"2024-05-22T21:18:28","date_gmt":"2024-05-22T19:18:28","guid":{"rendered":"https:\/\/estherpunsola.com\/ibiza-toni\/"},"modified":"2025-05-05T15:37:57","modified_gmt":"2025-05-05T13:37:57","slug":"ibiza-toni","status":"publish","type":"page","link":"https:\/\/estherpunsola.com\/es\/ibiza-toni\/","title":{"rendered":"Ibiza Toni"},"content":{"rendered":"\t\t<div data-elementor-type=\"wp-page\" data-elementor-id=\"3214\" class=\"elementor elementor-3214 elementor-2440\" data-elementor-post-type=\"page\">\n\t\t\t\t\t\t<section class=\"elementor-section elementor-top-section elementor-element elementor-element-i69uqi4 elementor-section-boxed elementor-section-height-default elementor-section-height-default\" data-id=\"i69uqi4\" data-element_type=\"section\" data-settings=\"{&quot;background_background&quot;:&quot;classic&quot;}\">\n\t\t\t\t\t\t<div class=\"elementor-container elementor-column-gap-default\">\n\t\t\t\t\t<div class=\"elementor-column elementor-col-100 elementor-top-column elementor-element elementor-element-67dd6d7\" data-id=\"67dd6d7\" data-element_type=\"column\">\n\t\t\t<div class=\"elementor-widget-wrap elementor-element-populated\">\n\t\t\t\t\t\t<div class=\"elementor-element elementor-element-62ccdbb elementor-widget elementor-widget-heading\" data-id=\"62ccdbb\" data-element_type=\"widget\" data-widget_type=\"heading.default\">\n\t\t\t\t<div class=\"elementor-widget-container\">\n\t\t\t\t\t<h2 class=\"elementor-heading-title elementor-size-default\">Vivienda Unifamiliar<\/h2>\t\t\t\t<\/div>\n\t\t\t\t<\/div>\n\t\t\t\t<div class=\"elementor-element elementor-element-f5edfbe elementor-widget elementor-widget-text-editor\" data-id=\"f5edfbe\" data-element_type=\"widget\" data-widget_type=\"text-editor.default\">\n\t\t\t\t<div class=\"elementor-widget-container\">\n\t\t\t\t\t\t\t\t\t<p><span style=\"font-weight: 400\">Casa unifamiliar aislada en un entorno id\u00edlico en el norte de la isla de Ibiza, siguiendo la est\u00e9tica de las casas ibicencas con un dise\u00f1o moderno, funcional y eficiente sin perder el encanto que le da la estructura interior, donde se ha utilizado la madera t\u00edpica de la isla, la sabina<\/span><\/p>\t\t\t\t\t\t\t\t<\/div>\n\t\t\t\t<\/div>\n\t\t\t\t<div class=\"elementor-element elementor-element-f4e2acc elementor-widget-divider--view-line elementor-widget elementor-widget-divider\" data-id=\"f4e2acc\" data-element_type=\"widget\" data-widget_type=\"divider.default\">\n\t\t\t\t<div class=\"elementor-widget-container\">\n\t\t\t\t\t\t\t<div class=\"elementor-divider\">\n\t\t\t<span class=\"elementor-divider-separator\">\n\t\t\t\t\t\t<\/span>\n\t\t<\/div>\n\t\t\t\t\t\t<\/div>\n\t\t\t\t<\/div>\n\t\t\t\t<div class=\"elementor-element elementor-element-dd4e6db gallery-spacing-custom elementor-widget elementor-widget-image-gallery\" data-id=\"dd4e6db\" data-element_type=\"widget\" data-widget_type=\"image-gallery.default\">\n\t\t\t\t<div class=\"elementor-widget-container\">\n\t\t\t\t\t\t\t<div class=\"elementor-image-gallery\">\n\t\t\t<div id='gallery-1' class='gallery galleryid-3214 gallery-columns-3 gallery-size-full'><figure class='gallery-item'>\n\t\t\t<div class='gallery-icon landscape'>\n\t\t\t\t<a data-elementor-open-lightbox=\"yes\" data-elementor-lightbox-slideshow=\"dd4e6db\" data-elementor-lightbox-title=\"Eivissa Toni 1\" data-e-action-hash=\"#elementor-action%3Aaction%3Dlightbox%26settings%3DeyJpZCI6MjQ0NSwidXJsIjoiaHR0cHM6XC9cL2VzdGhlcnB1bnNvbGEuY29tXC93cC1jb250ZW50XC91cGxvYWRzXC8yMDI0XC8wNVwvRWl2aXNzYS1Ub25pLTEuanBnIiwic2xpZGVzaG93IjoiZGQ0ZTZkYiJ9\" href='https:\/\/estherpunsola.com\/wp-content\/uploads\/2024\/05\/Eivissa-Toni-1.jpg'><img fetchpriority=\"high\" decoding=\"async\" width=\"1200\" height=\"845\" src=\"https:\/\/estherpunsola.com\/wp-content\/uploads\/2024\/05\/Eivissa-Toni-1.jpg\" class=\"attachment-full size-full\" alt=\"\" srcset=\"https:\/\/estherpunsola.com\/wp-content\/uploads\/2024\/05\/Eivissa-Toni-1.jpg 1200w, https:\/\/estherpunsola.com\/wp-content\/uploads\/2024\/05\/Eivissa-Toni-1-300x211.jpg 300w, https:\/\/estherpunsola.com\/wp-content\/uploads\/2024\/05\/Eivissa-Toni-1-1024x721.jpg 1024w, https:\/\/estherpunsola.com\/wp-content\/uploads\/2024\/05\/Eivissa-Toni-1-768x541.jpg 768w\" sizes=\"(max-width: 1200px) 100vw, 1200px\" \/><\/a>\n\t\t\t<\/div><\/figure><figure class='gallery-item'>\n\t\t\t<div class='gallery-icon landscape'>\n\t\t\t\t<a data-elementor-open-lightbox=\"yes\" data-elementor-lightbox-slideshow=\"dd4e6db\" data-elementor-lightbox-title=\"Eivissa Toni 2 (2)\" data-e-action-hash=\"#elementor-action%3Aaction%3Dlightbox%26settings%3DeyJpZCI6MjQ0NiwidXJsIjoiaHR0cHM6XC9cL2VzdGhlcnB1bnNvbGEuY29tXC93cC1jb250ZW50XC91cGxvYWRzXC8yMDI0XC8wNVwvRWl2aXNzYS1Ub25pLTItMi5qcGciLCJzbGlkZXNob3ciOiJkZDRlNmRiIn0%3D\" href='https:\/\/estherpunsola.com\/wp-content\/uploads\/2024\/05\/Eivissa-Toni-2-2.jpg'><img decoding=\"async\" width=\"1200\" height=\"826\" src=\"https:\/\/estherpunsola.com\/wp-content\/uploads\/2024\/05\/Eivissa-Toni-2-2.jpg\" class=\"attachment-full size-full\" alt=\"\" srcset=\"https:\/\/estherpunsola.com\/wp-content\/uploads\/2024\/05\/Eivissa-Toni-2-2.jpg 1200w, https:\/\/estherpunsola.com\/wp-content\/uploads\/2024\/05\/Eivissa-Toni-2-2-300x207.jpg 300w, https:\/\/estherpunsola.com\/wp-content\/uploads\/2024\/05\/Eivissa-Toni-2-2-1024x705.jpg 1024w, https:\/\/estherpunsola.com\/wp-content\/uploads\/2024\/05\/Eivissa-Toni-2-2-768x529.jpg 768w\" sizes=\"(max-width: 1200px) 100vw, 1200px\" \/><\/a>\n\t\t\t<\/div><\/figure><figure class='gallery-item'>\n\t\t\t<div class='gallery-icon landscape'>\n\t\t\t\t<a data-elementor-open-lightbox=\"yes\" data-elementor-lightbox-slideshow=\"dd4e6db\" data-elementor-lightbox-title=\"Eivissa Toni 7\" data-e-action-hash=\"#elementor-action%3Aaction%3Dlightbox%26settings%3DeyJpZCI6MjQ0OCwidXJsIjoiaHR0cHM6XC9cL2VzdGhlcnB1bnNvbGEuY29tXC93cC1jb250ZW50XC91cGxvYWRzXC8yMDI0XC8wNVwvRWl2aXNzYS1Ub25pLTcuanBnIiwic2xpZGVzaG93IjoiZGQ0ZTZkYiJ9\" href='https:\/\/estherpunsola.com\/wp-content\/uploads\/2024\/05\/Eivissa-Toni-7.jpg'><img decoding=\"async\" width=\"1200\" height=\"842\" src=\"https:\/\/estherpunsola.com\/wp-content\/uploads\/2024\/05\/Eivissa-Toni-7.jpg\" class=\"attachment-full size-full\" alt=\"\" srcset=\"https:\/\/estherpunsola.com\/wp-content\/uploads\/2024\/05\/Eivissa-Toni-7.jpg 1200w, https:\/\/estherpunsola.com\/wp-content\/uploads\/2024\/05\/Eivissa-Toni-7-300x211.jpg 300w, https:\/\/estherpunsola.com\/wp-content\/uploads\/2024\/05\/Eivissa-Toni-7-1024x719.jpg 1024w, https:\/\/estherpunsola.com\/wp-content\/uploads\/2024\/05\/Eivissa-Toni-7-768x539.jpg 768w\" sizes=\"(max-width: 1200px) 100vw, 1200px\" \/><\/a>\n\t\t\t<\/div><\/figure>\n\t\t<\/div>\n\t\t<\/div>\n\t\t\t\t\t\t<\/div>\n\t\t\t\t<\/div>\n\t\t\t\t\t<\/div>\n\t\t<\/div>\n\t\t\t\t\t<\/div>\n\t\t<\/section>\n\t\t<div class=\"elementor-element elementor-element-6902f8b elementor-hidden-tablet elementor-hidden-mobile e-flex e-con-boxed e-con e-parent\" data-id=\"6902f8b\" data-element_type=\"container\">\n\t\t\t\t\t<div class=\"e-con-inner\">\n\t\t<div class=\"elementor-element elementor-element-8273e83 e-con-full e-flex e-con e-parent\" data-id=\"8273e83\" data-element_type=\"container\">\n\t\t\t\t<div class=\"elementor-element elementor-element-59392d9 elementor-widget elementor-widget-image\" data-id=\"59392d9\" data-element_type=\"widget\" data-widget_type=\"image.default\">\n\t\t\t\t<div class=\"elementor-widget-container\">\n\t\t\t\t\t\t\t\t\t\t\t\t\t\t\t<img loading=\"lazy\" decoding=\"async\" width=\"1024\" height=\"858\" src=\"https:\/\/estherpunsola.com\/wp-content\/uploads\/2024\/04\/IMG_20200214_120752.a2-1-1024x858.jpg\" class=\"attachment-large size-large wp-image-3260\" alt=\"\" \/>\t\t\t\t\t\t\t\t\t\t\t\t\t\t\t<\/div>\n\t\t\t\t<\/div>\n\t\t\t\t<\/div>\n\t\t<div class=\"elementor-element elementor-element-7351873 e-con-full e-flex e-con e-parent\" data-id=\"7351873\" data-element_type=\"container\">\n\t\t\t\t<div class=\"elementor-element elementor-element-6df5299 elementor-widget__width-initial elementor-widget elementor-widget-image\" data-id=\"6df5299\" data-element_type=\"widget\" data-widget_type=\"image.default\">\n\t\t\t\t<div class=\"elementor-widget-container\">\n\t\t\t\t\t\t\t\t\t\t\t\t\t\t\t<img loading=\"lazy\" decoding=\"async\" width=\"683\" height=\"1024\" src=\"https:\/\/estherpunsola.com\/wp-content\/uploads\/2024\/04\/IMG_20200214_120948.a2-1-683x1024.jpg\" class=\"attachment-large size-large wp-image-2125\" alt=\"\" srcset=\"https:\/\/estherpunsola.com\/wp-content\/uploads\/2024\/04\/IMG_20200214_120948.a2-1-683x1024.jpg 683w, https:\/\/estherpunsola.com\/wp-content\/uploads\/2024\/04\/IMG_20200214_120948.a2-1-200x300.jpg 200w, https:\/\/estherpunsola.com\/wp-content\/uploads\/2024\/04\/IMG_20200214_120948.a2-1-768x1152.jpg 768w, https:\/\/estherpunsola.com\/wp-content\/uploads\/2024\/04\/IMG_20200214_120948.a2-1.jpg 800w\" sizes=\"(max-width: 683px) 100vw, 683px\" \/>\t\t\t\t\t\t\t\t\t\t\t\t\t\t\t<\/div>\n\t\t\t\t<\/div>\n\t\t\t\t<\/div>\n\t\t\t\t\t<\/div>\n\t\t\t\t<\/div>\n\t\t<div class=\"elementor-element elementor-element-cb4d9fb elementor-hidden-desktop e-flex e-con-boxed e-con e-parent\" data-id=\"cb4d9fb\" data-element_type=\"container\">\n\t\t\t\t\t<div class=\"e-con-inner\">\n\t\t<div class=\"elementor-element elementor-element-58afd24 e-con-full e-flex e-con e-parent\" data-id=\"58afd24\" data-element_type=\"container\">\n\t\t\t\t<div class=\"elementor-element elementor-element-d651fe8 elementor-widget-mobile__width-initial elementor-widget elementor-widget-image\" data-id=\"d651fe8\" data-element_type=\"widget\" data-widget_type=\"image.default\">\n\t\t\t\t<div class=\"elementor-widget-container\">\n\t\t\t\t\t\t\t\t\t\t\t\t\t\t\t<img loading=\"lazy\" decoding=\"async\" width=\"1024\" height=\"858\" src=\"https:\/\/estherpunsola.com\/wp-content\/uploads\/2024\/04\/IMG_20200214_120752.a2-1-1024x858.jpg\" class=\"attachment-large size-large wp-image-3260\" alt=\"\" \/>\t\t\t\t\t\t\t\t\t\t\t\t\t\t\t<\/div>\n\t\t\t\t<\/div>\n\t\t\t\t<\/div>\n\t\t<div class=\"elementor-element elementor-element-21f9995 e-con-full e-flex e-con e-parent\" data-id=\"21f9995\" data-element_type=\"container\">\n\t\t\t\t<\/div>\n\t\t\t\t\t<\/div>\n\t\t\t\t<\/div>\n\t\t\t\t<\/div>\n\t\t","protected":false},"excerpt":{"rendered":"<p>Vivienda Unifamiliar Casa unifamiliar aislada en un entorno id\u00edlico en el norte de la isla de Ibiza, siguiendo la est\u00e9tica de las casas ibicencas con un dise\u00f1o moderno, funcional y eficiente sin perder el encanto que le da la estructura interior, donde se ha utilizado la madera t\u00edpica de la isla, la sabina<\/p>\n","protected":false},"author":4,"featured_media":0,"parent":0,"menu_order":0,"comment_status":"closed","ping_status":"closed","template":"","meta":{"site-sidebar-layout":"no-sidebar","site-content-layout":"page-builder","ast-site-content-layout":"full-width-container","site-content-style":"default","site-sidebar-style":"default","ast-global-header-display":"","ast-banner-title-visibility":"","ast-main-header-display":"","ast-hfb-above-header-display":"","ast-hfb-below-header-display":"","ast-hfb-mobile-header-display":"","site-post-title":"disabled","ast-breadcrumbs-content":"","ast-featured-img":"disabled","footer-sml-layout":"","theme-transparent-header-meta":"","adv-header-id-meta":"","stick-header-meta":"","header-above-stick-meta":"","header-main-stick-meta":"","header-below-stick-meta":"","astra-migrate-meta-layouts":"default","ast-page-background-enabled":"default","ast-page-background-meta":{"desktop":{"background-color":"var(--ast-global-color-4)","background-image":"","background-repeat":"repeat","background-position":"center center","background-size":"auto","background-attachment":"scroll","background-type":"","background-media":"","overlay-type":"","overlay-color":"","overlay-opacity":"","overlay-gradient":""},"tablet":{"background-color":"","background-image":"","background-repeat":"repeat","background-position":"center center","background-size":"auto","background-attachment":"scroll","background-type":"","background-media":"","overlay-type":"","overlay-color":"","overlay-opacity":"","overlay-gradient":""},"mobile":{"background-color":"","background-image":"","background-repeat":"repeat","background-position":"center center","background-size":"auto","background-attachment":"scroll","background-type":"","background-media":"","overlay-type":"","overlay-color":"","overlay-opacity":"","overlay-gradient":""}},"ast-content-background-meta":{"desktop":{"background-color":"var(--ast-global-color-5)","background-image":"","background-repeat":"repeat","background-position":"center center","background-size":"auto","background-attachment":"scroll","background-type":"","background-media":"","overlay-type":"","overlay-color":"","overlay-opacity":"","overlay-gradient":""},"tablet":{"background-color":"var(--ast-global-color-5)","background-image":"","background-repeat":"repeat","background-position":"center center","background-size":"auto","background-attachment":"scroll","background-type":"","background-media":"","overlay-type":"","overlay-color":"","overlay-opacity":"","overlay-gradient":""},"mobile":{"background-color":"var(--ast-global-color-5)","background-image":"","background-repeat":"repeat","background-position":"center center","background-size":"auto","background-attachment":"scroll","background-type":"","background-media":"","overlay-type":"","overlay-color":"","overlay-opacity":"","overlay-gradient":""}},"footnotes":""},"class_list":["post-3214","page","type-page","status-publish","hentry"],"yoast_head":"<!-- This site is optimized with the Yoast SEO plugin v26.3 - https:\/\/yoast.com\/wordpress\/plugins\/seo\/ -->\n<title>Ibiza Toni - Esther Punsola Arquitecta<\/title>\n<meta name=\"robots\" content=\"index, follow, max-snippet:-1, max-image-preview:large, max-video-preview:-1\" \/>\n<link rel=\"canonical\" href=\"https:\/\/estherpunsola.com\/es\/ibiza-toni\/\" \/>\n<meta property=\"og:locale\" content=\"es_ES\" \/>\n<meta property=\"og:type\" content=\"article\" \/>\n<meta property=\"og:title\" content=\"Ibiza Toni - Esther Punsola Arquitecta\" \/>\n<meta property=\"og:description\" content=\"Vivienda Unifamiliar Casa unifamiliar aislada en un entorno id\u00edlico en el norte de la isla de Ibiza, siguiendo la est\u00e9tica de las casas ibicencas con un dise\u00f1o moderno, funcional y eficiente sin perder el encanto que le da la estructura interior, donde se ha utilizado la madera t\u00edpica de la isla, la sabina\" \/>\n<meta property=\"og:url\" content=\"https:\/\/estherpunsola.com\/es\/ibiza-toni\/\" \/>\n<meta property=\"og:site_name\" content=\"Esther Punsola Arquitecta\" \/>\n<meta property=\"article:modified_time\" content=\"2025-05-05T13:37:57+00:00\" \/>\n<meta property=\"og:image\" content=\"https:\/\/estherpunsola.com\/wp-content\/uploads\/2024\/05\/Eivissa-Toni-2-2.jpg\" \/>\n<meta name=\"twitter:card\" content=\"summary_large_image\" \/>\n<script type=\"application\/ld+json\" class=\"yoast-schema-graph\">{\"@context\":\"https:\/\/schema.org\",\"@graph\":[{\"@type\":\"WebPage\",\"@id\":\"https:\/\/estherpunsola.com\/es\/ibiza-toni\/\",\"url\":\"https:\/\/estherpunsola.com\/es\/ibiza-toni\/\",\"name\":\"Ibiza Toni - Esther Punsola Arquitecta\",\"isPartOf\":{\"@id\":\"https:\/\/estherpunsola.com\/#website\"},\"primaryImageOfPage\":{\"@id\":\"https:\/\/estherpunsola.com\/es\/ibiza-toni\/#primaryimage\"},\"image\":{\"@id\":\"https:\/\/estherpunsola.com\/es\/ibiza-toni\/#primaryimage\"},\"thumbnailUrl\":\"https:\/\/estherpunsola.com\/wp-content\/uploads\/2024\/05\/Eivissa-Toni-2-2.jpg\",\"datePublished\":\"2024-05-22T19:18:28+00:00\",\"dateModified\":\"2025-05-05T13:37:57+00:00\",\"breadcrumb\":{\"@id\":\"https:\/\/estherpunsola.com\/es\/ibiza-toni\/#breadcrumb\"},\"inLanguage\":\"es\",\"potentialAction\":[{\"@type\":\"ReadAction\",\"target\":[\"https:\/\/estherpunsola.com\/es\/ibiza-toni\/\"]}]},{\"@type\":\"ImageObject\",\"inLanguage\":\"es\",\"@id\":\"https:\/\/estherpunsola.com\/es\/ibiza-toni\/#primaryimage\",\"url\":\"https:\/\/estherpunsola.com\/wp-content\/uploads\/2024\/05\/Eivissa-Toni-2-2.jpg\",\"contentUrl\":\"https:\/\/estherpunsola.com\/wp-content\/uploads\/2024\/05\/Eivissa-Toni-2-2.jpg\"},{\"@type\":\"BreadcrumbList\",\"@id\":\"https:\/\/estherpunsola.com\/es\/ibiza-toni\/#breadcrumb\",\"itemListElement\":[{\"@type\":\"ListItem\",\"position\":1,\"name\":\"Portada\",\"item\":\"https:\/\/estherpunsola.com\/es\/arquitectura-interiorismo-y-reformas-maresme\/\"},{\"@type\":\"ListItem\",\"position\":2,\"name\":\"Ibiza Toni\"}]},{\"@type\":\"WebSite\",\"@id\":\"https:\/\/estherpunsola.com\/#website\",\"url\":\"https:\/\/estherpunsola.com\/\",\"name\":\"Esther Punsola Arquitecta\",\"description\":\"\",\"publisher\":{\"@id\":\"https:\/\/estherpunsola.com\/#organization\"},\"potentialAction\":[{\"@type\":\"SearchAction\",\"target\":{\"@type\":\"EntryPoint\",\"urlTemplate\":\"https:\/\/estherpunsola.com\/?s={search_term_string}\"},\"query-input\":{\"@type\":\"PropertyValueSpecification\",\"valueRequired\":true,\"valueName\":\"search_term_string\"}}],\"inLanguage\":\"es\"},{\"@type\":\"Organization\",\"@id\":\"https:\/\/estherpunsola.com\/#organization\",\"name\":\"Esther Punsola Arquitecta\",\"url\":\"https:\/\/estherpunsola.com\/\",\"logo\":{\"@type\":\"ImageObject\",\"inLanguage\":\"es\",\"@id\":\"https:\/\/estherpunsola.com\/#\/schema\/logo\/image\/\",\"url\":\"https:\/\/estherpunsola.com\/wp-content\/uploads\/2024\/03\/logonegre-removebg-preview.png\",\"contentUrl\":\"https:\/\/estherpunsola.com\/wp-content\/uploads\/2024\/03\/logonegre-removebg-preview.png\",\"width\":400,\"height\":135,\"caption\":\"Esther Punsola Arquitecta\"},\"image\":{\"@id\":\"https:\/\/estherpunsola.com\/#\/schema\/logo\/image\/\"}}]}<\/script>\n<!-- \/ Yoast SEO plugin. -->","yoast_head_json":{"title":"Ibiza Toni - Esther Punsola Arquitecta","robots":{"index":"index","follow":"follow","max-snippet":"max-snippet:-1","max-image-preview":"max-image-preview:large","max-video-preview":"max-video-preview:-1"},"canonical":"https:\/\/estherpunsola.com\/es\/ibiza-toni\/","og_locale":"es_ES","og_type":"article","og_title":"Ibiza Toni - Esther Punsola Arquitecta","og_description":"Vivienda Unifamiliar Casa unifamiliar aislada en un entorno id\u00edlico en el norte de la isla de Ibiza, siguiendo la est\u00e9tica de las casas ibicencas con un dise\u00f1o moderno, funcional y eficiente sin perder el encanto que le da la estructura interior, donde se ha utilizado la madera t\u00edpica de la isla, la sabina","og_url":"https:\/\/estherpunsola.com\/es\/ibiza-toni\/","og_site_name":"Esther Punsola Arquitecta","article_modified_time":"2025-05-05T13:37:57+00:00","og_image":[{"url":"https:\/\/estherpunsola.com\/wp-content\/uploads\/2024\/05\/Eivissa-Toni-2-2.jpg","type":"","width":"","height":""}],"twitter_card":"summary_large_image","schema":{"@context":"https:\/\/schema.org","@graph":[{"@type":"WebPage","@id":"https:\/\/estherpunsola.com\/es\/ibiza-toni\/","url":"https:\/\/estherpunsola.com\/es\/ibiza-toni\/","name":"Ibiza Toni - Esther Punsola Arquitecta","isPartOf":{"@id":"https:\/\/estherpunsola.com\/#website"},"primaryImageOfPage":{"@id":"https:\/\/estherpunsola.com\/es\/ibiza-toni\/#primaryimage"},"image":{"@id":"https:\/\/estherpunsola.com\/es\/ibiza-toni\/#primaryimage"},"thumbnailUrl":"https:\/\/estherpunsola.com\/wp-content\/uploads\/2024\/05\/Eivissa-Toni-2-2.jpg","datePublished":"2024-05-22T19:18:28+00:00","dateModified":"2025-05-05T13:37:57+00:00","breadcrumb":{"@id":"https:\/\/estherpunsola.com\/es\/ibiza-toni\/#breadcrumb"},"inLanguage":"es","potentialAction":[{"@type":"ReadAction","target":["https:\/\/estherpunsola.com\/es\/ibiza-toni\/"]}]},{"@type":"ImageObject","inLanguage":"es","@id":"https:\/\/estherpunsola.com\/es\/ibiza-toni\/#primaryimage","url":"https:\/\/estherpunsola.com\/wp-content\/uploads\/2024\/05\/Eivissa-Toni-2-2.jpg","contentUrl":"https:\/\/estherpunsola.com\/wp-content\/uploads\/2024\/05\/Eivissa-Toni-2-2.jpg"},{"@type":"BreadcrumbList","@id":"https:\/\/estherpunsola.com\/es\/ibiza-toni\/#breadcrumb","itemListElement":[{"@type":"ListItem","position":1,"name":"Portada","item":"https:\/\/estherpunsola.com\/es\/arquitectura-interiorismo-y-reformas-maresme\/"},{"@type":"ListItem","position":2,"name":"Ibiza Toni"}]},{"@type":"WebSite","@id":"https:\/\/estherpunsola.com\/#website","url":"https:\/\/estherpunsola.com\/","name":"Esther Punsola Arquitecta","description":"","publisher":{"@id":"https:\/\/estherpunsola.com\/#organization"},"potentialAction":[{"@type":"SearchAction","target":{"@type":"EntryPoint","urlTemplate":"https:\/\/estherpunsola.com\/?s={search_term_string}"},"query-input":{"@type":"PropertyValueSpecification","valueRequired":true,"valueName":"search_term_string"}}],"inLanguage":"es"},{"@type":"Organization","@id":"https:\/\/estherpunsola.com\/#organization","name":"Esther Punsola Arquitecta","url":"https:\/\/estherpunsola.com\/","logo":{"@type":"ImageObject","inLanguage":"es","@id":"https:\/\/estherpunsola.com\/#\/schema\/logo\/image\/","url":"https:\/\/estherpunsola.com\/wp-content\/uploads\/2024\/03\/logonegre-removebg-preview.png","contentUrl":"https:\/\/estherpunsola.com\/wp-content\/uploads\/2024\/03\/logonegre-removebg-preview.png","width":400,"height":135,"caption":"Esther Punsola Arquitecta"},"image":{"@id":"https:\/\/estherpunsola.com\/#\/schema\/logo\/image\/"}}]}},"_links":{"self":[{"href":"https:\/\/estherpunsola.com\/es\/wp-json\/wp\/v2\/pages\/3214","targetHints":{"allow":["GET"]}}],"collection":[{"href":"https:\/\/estherpunsola.com\/es\/wp-json\/wp\/v2\/pages"}],"about":[{"href":"https:\/\/estherpunsola.com\/es\/wp-json\/wp\/v2\/types\/page"}],"author":[{"embeddable":true,"href":"https:\/\/estherpunsola.com\/es\/wp-json\/wp\/v2\/users\/4"}],"replies":[{"embeddable":true,"href":"https:\/\/estherpunsola.com\/es\/wp-json\/wp\/v2\/comments?post=3214"}],"version-history":[{"count":1,"href":"https:\/\/estherpunsola.com\/es\/wp-json\/wp\/v2\/pages\/3214\/revisions"}],"predecessor-version":[{"id":3216,"href":"https:\/\/estherpunsola.com\/es\/wp-json\/wp\/v2\/pages\/3214\/revisions\/3216"}],"wp:attachment":[{"href":"https:\/\/estherpunsola.com\/es\/wp-json\/wp\/v2\/media?parent=3214"}],"curies":[{"name":"wp","href":"https:\/\/api.w.org\/{rel}","templated":true}]}}