{"id":3221,"date":"2021-11-21T15:14:19","date_gmt":"2021-11-21T13:14:19","guid":{"rendered":"https:\/\/estherpunsola.com\/quien-soy\/"},"modified":"2025-05-05T15:39:38","modified_gmt":"2025-05-05T13:39:38","slug":"quien-soy","status":"publish","type":"page","link":"https:\/\/estherpunsola.com\/es\/quien-soy\/","title":{"rendered":"Quien Soy"},"content":{"rendered":"\t\t<div data-elementor-type=\"wp-page\" data-elementor-id=\"3221\" class=\"elementor elementor-3221 elementor-14\" data-elementor-post-type=\"page\">\n\t\t\t\t\t\t<section class=\"elementor-section elementor-top-section elementor-element elementor-element-884f382 elementor-section-content-middle elementor-hidden-tablet elementor-hidden-mobile elementor-section-boxed elementor-section-height-default elementor-section-height-default\" data-id=\"884f382\" data-element_type=\"section\" data-settings=\"{&quot;background_background&quot;:&quot;classic&quot;}\">\n\t\t\t\t\t\t\t<div class=\"elementor-background-overlay\"><\/div>\n\t\t\t\t\t\t\t<div class=\"elementor-container elementor-column-gap-no\">\n\t\t\t\t\t<div class=\"elementor-column elementor-col-50 elementor-top-column elementor-element elementor-element-84419ed\" data-id=\"84419ed\" data-element_type=\"column\">\n\t\t\t<div class=\"elementor-widget-wrap elementor-element-populated\">\n\t\t\t\t\t\t<div class=\"elementor-element elementor-element-d680616 elementor-widget elementor-widget-heading\" data-id=\"d680616\" data-element_type=\"widget\" data-widget_type=\"heading.default\">\n\t\t\t\t<div class=\"elementor-widget-container\">\n\t\t\t\t\t<h2 class=\"elementor-heading-title elementor-size-default\">Soy Esther Punsola Fern\u00e1ndez<\/h2>\t\t\t\t<\/div>\n\t\t\t\t<\/div>\n\t\t\t\t<div class=\"elementor-element elementor-element-449d1ee elementor-widget elementor-widget-text-editor\" data-id=\"449d1ee\" data-element_type=\"widget\" data-widget_type=\"text-editor.default\">\n\t\t\t\t<div class=\"elementor-widget-container\">\n\t\t\t\t\t\t\t\t\t<p><span style=\"font-weight: 400\">Soy una arquitecta con m\u00e1s de 20 a\u00f1os de experiencia dedicados al apasionante mundo de la rehabilitaci\u00f3n y obra nueva de viviendas.<\/span><\/p><p><span style=\"font-weight: 400\">Creo firmemente que cada proyecto arquitect\u00f3nico debe reflejar la identidad de quienes lo habitan, integr\u00e1ndose de forma armoniosa en su entorno y contribuyendo a un desarrollo sostenible.  <\/span><\/p><p><span style=\"font-weight: 400\">Para m\u00ed, el verdadero \u00e9xito radica en la capacidad de escuchar y consensuar las distintas voces que participan en un proyecto, combinado con el uso de herramientas de dise\u00f1o que convierten una idea en realidad.<\/span><\/p><p><span style=\"font-weight: 400\">Cuento con un equipo multidisciplinar para que los proyectos culminen con \u00e9xito.<\/span><\/p>\t\t\t\t\t\t\t\t<\/div>\n\t\t\t\t<\/div>\n\t\t\t\t\t<\/div>\n\t\t<\/div>\n\t\t\t\t<div class=\"elementor-column elementor-col-50 elementor-top-column elementor-element elementor-element-e546119\" data-id=\"e546119\" data-element_type=\"column\" data-settings=\"{&quot;background_background&quot;:&quot;classic&quot;}\">\n\t\t\t<div class=\"elementor-widget-wrap elementor-element-populated\">\n\t\t\t\t\t\t<div class=\"elementor-element elementor-element-27bf0d6 elementor-widget__width-initial elementor-widget elementor-widget-image\" data-id=\"27bf0d6\" data-element_type=\"widget\" data-widget_type=\"image.default\">\n\t\t\t\t<div class=\"elementor-widget-container\">\n\t\t\t\t\t\t\t\t\t\t\t\t\t\t\t<img fetchpriority=\"high\" decoding=\"async\" width=\"1709\" height=\"2560\" src=\"https:\/\/estherpunsola.com\/wp-content\/uploads\/2024\/04\/DSC_1807-scaled.jpg\" class=\"attachment-full size-full wp-image-3224\" alt=\"\" srcset=\"https:\/\/estherpunsola.com\/wp-content\/uploads\/2024\/04\/DSC_1807-scaled.jpg 1709w, https:\/\/estherpunsola.com\/wp-content\/uploads\/2024\/04\/DSC_1807-200x300.jpg 200w, https:\/\/estherpunsola.com\/wp-content\/uploads\/2024\/04\/DSC_1807-684x1024.jpg 684w, https:\/\/estherpunsola.com\/wp-content\/uploads\/2024\/04\/DSC_1807-768x1150.jpg 768w, https:\/\/estherpunsola.com\/wp-content\/uploads\/2024\/04\/DSC_1807-1026x1536.jpg 1026w, https:\/\/estherpunsola.com\/wp-content\/uploads\/2024\/04\/DSC_1807-1367x2048.jpg 1367w\" sizes=\"(max-width: 1709px) 100vw, 1709px\" \/>\t\t\t\t\t\t\t\t\t\t\t\t\t\t\t<\/div>\n\t\t\t\t<\/div>\n\t\t\t\t\t<\/div>\n\t\t<\/div>\n\t\t\t\t\t<\/div>\n\t\t<\/section>\n\t\t\t\t<section class=\"elementor-section elementor-top-section elementor-element elementor-element-59b3ed0 elementor-section-content-middle elementor-hidden-desktop elementor-section-boxed elementor-section-height-default elementor-section-height-default\" data-id=\"59b3ed0\" data-element_type=\"section\" data-settings=\"{&quot;background_background&quot;:&quot;classic&quot;}\">\n\t\t\t\t\t\t\t<div class=\"elementor-background-overlay\"><\/div>\n\t\t\t\t\t\t\t<div class=\"elementor-container elementor-column-gap-no\">\n\t\t\t\t\t<div class=\"elementor-column elementor-col-50 elementor-top-column elementor-element elementor-element-734d1e3\" data-id=\"734d1e3\" data-element_type=\"column\">\n\t\t\t<div class=\"elementor-widget-wrap elementor-element-populated\">\n\t\t\t\t\t\t<div class=\"elementor-element elementor-element-c83b0fc elementor-widget-mobile__width-initial elementor-widget elementor-widget-heading\" data-id=\"c83b0fc\" data-element_type=\"widget\" data-widget_type=\"heading.default\">\n\t\t\t\t<div class=\"elementor-widget-container\">\n\t\t\t\t\t<h2 class=\"elementor-heading-title elementor-size-default\">Soy Esther Punsola Fern\u00e1ndez<\/h2>\t\t\t\t<\/div>\n\t\t\t\t<\/div>\n\t\t\t\t<div class=\"elementor-element elementor-element-22f0491 elementor-widget elementor-widget-spacer\" data-id=\"22f0491\" data-element_type=\"widget\" data-widget_type=\"spacer.default\">\n\t\t\t\t<div class=\"elementor-widget-container\">\n\t\t\t\t\t\t\t<div class=\"elementor-spacer\">\n\t\t\t<div class=\"elementor-spacer-inner\"><\/div>\n\t\t<\/div>\n\t\t\t\t\t\t<\/div>\n\t\t\t\t<\/div>\n\t\t\t\t<div class=\"elementor-element elementor-element-71d0119 elementor-widget elementor-widget-text-editor\" data-id=\"71d0119\" data-element_type=\"widget\" data-widget_type=\"text-editor.default\">\n\t\t\t\t<div class=\"elementor-widget-container\">\n\t\t\t\t\t\t\t\t\t<p><span style=\"font-weight: 400\">Soy una arquitecta con m\u00e1s de 20 a\u00f1os de experiencia dedicados al apasionante mundo de la rehabilitaci\u00f3n y obra nueva de viviendas.<\/span><\/p><p><span style=\"font-weight: 400\">Creo firmemente que cada proyecto arquitect\u00f3nico debe reflejar la identidad de quienes lo habitan, integr\u00e1ndose de forma armoniosa en su entorno y contribuyendo a un desarrollo sostenible.  <\/span><\/p><p><span style=\"font-weight: 400\">Para m\u00ed, el verdadero \u00e9xito radica en la capacidad de escuchar y consensuar las distintas voces que participan en un proyecto, combinado con el uso de herramientas de dise\u00f1o que convierten una idea en realidad.<\/span><\/p><p><span style=\"font-weight: 400\">Cuento con un equipo multidisciplinar para que los proyectos culminen con \u00e9xito.<\/span><\/p>\t\t\t\t\t\t\t\t<\/div>\n\t\t\t\t<\/div>\n\t\t\t\t\t<\/div>\n\t\t<\/div>\n\t\t\t\t<div class=\"elementor-column elementor-col-50 elementor-top-column elementor-element elementor-element-e6f85ab\" data-id=\"e6f85ab\" data-element_type=\"column\" data-settings=\"{&quot;background_background&quot;:&quot;classic&quot;}\">\n\t\t\t<div class=\"elementor-widget-wrap elementor-element-populated\">\n\t\t\t\t\t\t<div class=\"elementor-element elementor-element-55ed6f8 elementor-widget__width-initial elementor-widget elementor-widget-image\" data-id=\"55ed6f8\" data-element_type=\"widget\" data-widget_type=\"image.default\">\n\t\t\t\t<div class=\"elementor-widget-container\">\n\t\t\t\t\t\t\t\t\t\t\t\t\t\t\t<img fetchpriority=\"high\" decoding=\"async\" width=\"1709\" height=\"2560\" src=\"https:\/\/estherpunsola.com\/wp-content\/uploads\/2024\/04\/DSC_1807-scaled.jpg\" class=\"attachment-full size-full wp-image-3224\" alt=\"\" srcset=\"https:\/\/estherpunsola.com\/wp-content\/uploads\/2024\/04\/DSC_1807-scaled.jpg 1709w, https:\/\/estherpunsola.com\/wp-content\/uploads\/2024\/04\/DSC_1807-200x300.jpg 200w, https:\/\/estherpunsola.com\/wp-content\/uploads\/2024\/04\/DSC_1807-684x1024.jpg 684w, https:\/\/estherpunsola.com\/wp-content\/uploads\/2024\/04\/DSC_1807-768x1150.jpg 768w, https:\/\/estherpunsola.com\/wp-content\/uploads\/2024\/04\/DSC_1807-1026x1536.jpg 1026w, https:\/\/estherpunsola.com\/wp-content\/uploads\/2024\/04\/DSC_1807-1367x2048.jpg 1367w\" sizes=\"(max-width: 1709px) 100vw, 1709px\" \/>\t\t\t\t\t\t\t\t\t\t\t\t\t\t\t<\/div>\n\t\t\t\t<\/div>\n\t\t\t\t\t<\/div>\n\t\t<\/div>\n\t\t\t\t\t<\/div>\n\t\t<\/section>\n\t\t\t\t<\/div>\n\t\t","protected":false},"excerpt":{"rendered":"<p>Soy Esther Punsola Fern\u00e1ndez Soy una arquitecta con m\u00e1s de 20 a\u00f1os de experiencia dedicados al apasionante mundo de la rehabilitaci\u00f3n y obra nueva de viviendas. Creo firmemente que cada proyecto arquitect\u00f3nico debe reflejar la identidad de quienes lo habitan, integr\u00e1ndose de forma armoniosa en su entorno y contribuyendo a un desarrollo sostenible. Para m\u00ed, [&hellip;]<\/p>\n","protected":false},"author":4,"featured_media":0,"parent":0,"menu_order":0,"comment_status":"closed","ping_status":"closed","template":"","meta":{"site-sidebar-layout":"no-sidebar","site-content-layout":"page-builder","ast-site-content-layout":"","site-content-style":"default","site-sidebar-style":"default","ast-global-header-display":"","ast-banner-title-visibility":"","ast-main-header-display":"","ast-hfb-above-header-display":"","ast-hfb-below-header-display":"","ast-hfb-mobile-header-display":"","site-post-title":"disabled","ast-breadcrumbs-content":"","ast-featured-img":"disabled","footer-sml-layout":"","theme-transparent-header-meta":"enabled","adv-header-id-meta":"","stick-header-meta":"","header-above-stick-meta":"","header-main-stick-meta":"","header-below-stick-meta":"","astra-migrate-meta-layouts":"default","ast-page-background-enabled":"default","ast-page-background-meta":{"desktop":{"background-color":"var(--ast-global-color-4)","background-image":"","background-repeat":"repeat","background-position":"center center","background-size":"auto","background-attachment":"scroll","background-type":"","background-media":"","overlay-type":"","overlay-color":"","overlay-opacity":"","overlay-gradient":""},"tablet":{"background-color":"","background-image":"","background-repeat":"repeat","background-position":"center center","background-size":"auto","background-attachment":"scroll","background-type":"","background-media":"","overlay-type":"","overlay-color":"","overlay-opacity":"","overlay-gradient":""},"mobile":{"background-color":"","background-image":"","background-repeat":"repeat","background-position":"center center","background-size":"auto","background-attachment":"scroll","background-type":"","background-media":"","overlay-type":"","overlay-color":"","overlay-opacity":"","overlay-gradient":""}},"ast-content-background-meta":{"desktop":{"background-color":"var(--ast-global-color-5)","background-image":"","background-repeat":"repeat","background-position":"center center","background-size":"auto","background-attachment":"scroll","background-type":"","background-media":"","overlay-type":"","overlay-color":"","overlay-opacity":"","overlay-gradient":""},"tablet":{"background-color":"var(--ast-global-color-5)","background-image":"","background-repeat":"repeat","background-position":"center center","background-size":"auto","background-attachment":"scroll","background-type":"","background-media":"","overlay-type":"","overlay-color":"","overlay-opacity":"","overlay-gradient":""},"mobile":{"background-color":"var(--ast-global-color-5)","background-image":"","background-repeat":"repeat","background-position":"center center","background-size":"auto","background-attachment":"scroll","background-type":"","background-media":"","overlay-type":"","overlay-color":"","overlay-opacity":"","overlay-gradient":""}},"footnotes":""},"class_list":["post-3221","page","type-page","status-publish","hentry"],"yoast_head":"<!-- This site is optimized with the Yoast SEO plugin v26.3 - https:\/\/yoast.com\/wordpress\/plugins\/seo\/ -->\n<title>Quien Soy - Esther Punsola Arquitecta<\/title>\n<meta name=\"robots\" content=\"index, follow, max-snippet:-1, max-image-preview:large, max-video-preview:-1\" \/>\n<link rel=\"canonical\" href=\"https:\/\/estherpunsola.com\/es\/quien-soy\/\" \/>\n<meta property=\"og:locale\" content=\"es_ES\" \/>\n<meta property=\"og:type\" content=\"article\" \/>\n<meta property=\"og:title\" content=\"Quien Soy - Esther Punsola Arquitecta\" \/>\n<meta property=\"og:description\" content=\"Soy Esther Punsola Fern\u00e1ndez Soy una arquitecta con m\u00e1s de 20 a\u00f1os de experiencia dedicados al apasionante mundo de la rehabilitaci\u00f3n y obra nueva de viviendas. Creo firmemente que cada proyecto arquitect\u00f3nico debe reflejar la identidad de quienes lo habitan, integr\u00e1ndose de forma armoniosa en su entorno y contribuyendo a un desarrollo sostenible. Para m\u00ed, [&hellip;]\" \/>\n<meta property=\"og:url\" content=\"https:\/\/estherpunsola.com\/es\/quien-soy\/\" \/>\n<meta property=\"og:site_name\" content=\"Esther Punsola Arquitecta\" \/>\n<meta property=\"article:modified_time\" content=\"2025-05-05T13:39:38+00:00\" \/>\n<meta property=\"og:image\" content=\"https:\/\/estherpunsola.com\/wp-content\/uploads\/2024\/04\/DSC_1807-scaled.jpg\" \/>\n\t<meta property=\"og:image:width\" content=\"1709\" \/>\n\t<meta property=\"og:image:height\" content=\"2560\" \/>\n\t<meta property=\"og:image:type\" content=\"image\/jpeg\" \/>\n<meta name=\"twitter:card\" content=\"summary_large_image\" \/>\n<meta name=\"twitter:label1\" content=\"Tiempo de lectura\" \/>\n\t<meta name=\"twitter:data1\" content=\"1 minuto\" \/>\n<script type=\"application\/ld+json\" class=\"yoast-schema-graph\">{\"@context\":\"https:\/\/schema.org\",\"@graph\":[{\"@type\":\"WebPage\",\"@id\":\"https:\/\/estherpunsola.com\/es\/quien-soy\/\",\"url\":\"https:\/\/estherpunsola.com\/es\/quien-soy\/\",\"name\":\"Quien Soy - Esther Punsola Arquitecta\",\"isPartOf\":{\"@id\":\"https:\/\/estherpunsola.com\/#website\"},\"primaryImageOfPage\":{\"@id\":\"https:\/\/estherpunsola.com\/es\/quien-soy\/#primaryimage\"},\"image\":{\"@id\":\"https:\/\/estherpunsola.com\/es\/quien-soy\/#primaryimage\"},\"thumbnailUrl\":\"https:\/\/estherpunsola.com\/wp-content\/uploads\/2024\/04\/DSC_1807-scaled.jpg\",\"datePublished\":\"2021-11-21T13:14:19+00:00\",\"dateModified\":\"2025-05-05T13:39:38+00:00\",\"breadcrumb\":{\"@id\":\"https:\/\/estherpunsola.com\/es\/quien-soy\/#breadcrumb\"},\"inLanguage\":\"es\",\"potentialAction\":[{\"@type\":\"ReadAction\",\"target\":[\"https:\/\/estherpunsola.com\/es\/quien-soy\/\"]}]},{\"@type\":\"ImageObject\",\"inLanguage\":\"es\",\"@id\":\"https:\/\/estherpunsola.com\/es\/quien-soy\/#primaryimage\",\"url\":\"https:\/\/estherpunsola.com\/wp-content\/uploads\/2024\/04\/DSC_1807-scaled.jpg\",\"contentUrl\":\"https:\/\/estherpunsola.com\/wp-content\/uploads\/2024\/04\/DSC_1807-scaled.jpg\"},{\"@type\":\"BreadcrumbList\",\"@id\":\"https:\/\/estherpunsola.com\/es\/quien-soy\/#breadcrumb\",\"itemListElement\":[{\"@type\":\"ListItem\",\"position\":1,\"name\":\"Portada\",\"item\":\"https:\/\/estherpunsola.com\/es\/arquitectura-interiorismo-y-reformas-maresme\/\"},{\"@type\":\"ListItem\",\"position\":2,\"name\":\"Quien Soy\"}]},{\"@type\":\"WebSite\",\"@id\":\"https:\/\/estherpunsola.com\/#website\",\"url\":\"https:\/\/estherpunsola.com\/\",\"name\":\"Esther Punsola Arquitecta\",\"description\":\"\",\"publisher\":{\"@id\":\"https:\/\/estherpunsola.com\/#organization\"},\"potentialAction\":[{\"@type\":\"SearchAction\",\"target\":{\"@type\":\"EntryPoint\",\"urlTemplate\":\"https:\/\/estherpunsola.com\/?s={search_term_string}\"},\"query-input\":{\"@type\":\"PropertyValueSpecification\",\"valueRequired\":true,\"valueName\":\"search_term_string\"}}],\"inLanguage\":\"es\"},{\"@type\":\"Organization\",\"@id\":\"https:\/\/estherpunsola.com\/#organization\",\"name\":\"Esther Punsola Arquitecta\",\"url\":\"https:\/\/estherpunsola.com\/\",\"logo\":{\"@type\":\"ImageObject\",\"inLanguage\":\"es\",\"@id\":\"https:\/\/estherpunsola.com\/#\/schema\/logo\/image\/\",\"url\":\"https:\/\/estherpunsola.com\/wp-content\/uploads\/2024\/03\/logonegre-removebg-preview.png\",\"contentUrl\":\"https:\/\/estherpunsola.com\/wp-content\/uploads\/2024\/03\/logonegre-removebg-preview.png\",\"width\":400,\"height\":135,\"caption\":\"Esther Punsola Arquitecta\"},\"image\":{\"@id\":\"https:\/\/estherpunsola.com\/#\/schema\/logo\/image\/\"}}]}<\/script>\n<!-- \/ Yoast SEO plugin. -->","yoast_head_json":{"title":"Quien Soy - Esther Punsola Arquitecta","robots":{"index":"index","follow":"follow","max-snippet":"max-snippet:-1","max-image-preview":"max-image-preview:large","max-video-preview":"max-video-preview:-1"},"canonical":"https:\/\/estherpunsola.com\/es\/quien-soy\/","og_locale":"es_ES","og_type":"article","og_title":"Quien Soy - Esther Punsola Arquitecta","og_description":"Soy Esther Punsola Fern\u00e1ndez Soy una arquitecta con m\u00e1s de 20 a\u00f1os de experiencia dedicados al apasionante mundo de la rehabilitaci\u00f3n y obra nueva de viviendas. Creo firmemente que cada proyecto arquitect\u00f3nico debe reflejar la identidad de quienes lo habitan, integr\u00e1ndose de forma armoniosa en su entorno y contribuyendo a un desarrollo sostenible. Para m\u00ed, [&hellip;]","og_url":"https:\/\/estherpunsola.com\/es\/quien-soy\/","og_site_name":"Esther Punsola Arquitecta","article_modified_time":"2025-05-05T13:39:38+00:00","og_image":[{"width":1709,"height":2560,"url":"https:\/\/estherpunsola.com\/wp-content\/uploads\/2024\/04\/DSC_1807-scaled.jpg","type":"image\/jpeg"}],"twitter_card":"summary_large_image","twitter_misc":{"Tiempo de lectura":"1 minuto"},"schema":{"@context":"https:\/\/schema.org","@graph":[{"@type":"WebPage","@id":"https:\/\/estherpunsola.com\/es\/quien-soy\/","url":"https:\/\/estherpunsola.com\/es\/quien-soy\/","name":"Quien Soy - Esther Punsola Arquitecta","isPartOf":{"@id":"https:\/\/estherpunsola.com\/#website"},"primaryImageOfPage":{"@id":"https:\/\/estherpunsola.com\/es\/quien-soy\/#primaryimage"},"image":{"@id":"https:\/\/estherpunsola.com\/es\/quien-soy\/#primaryimage"},"thumbnailUrl":"https:\/\/estherpunsola.com\/wp-content\/uploads\/2024\/04\/DSC_1807-scaled.jpg","datePublished":"2021-11-21T13:14:19+00:00","dateModified":"2025-05-05T13:39:38+00:00","breadcrumb":{"@id":"https:\/\/estherpunsola.com\/es\/quien-soy\/#breadcrumb"},"inLanguage":"es","potentialAction":[{"@type":"ReadAction","target":["https:\/\/estherpunsola.com\/es\/quien-soy\/"]}]},{"@type":"ImageObject","inLanguage":"es","@id":"https:\/\/estherpunsola.com\/es\/quien-soy\/#primaryimage","url":"https:\/\/estherpunsola.com\/wp-content\/uploads\/2024\/04\/DSC_1807-scaled.jpg","contentUrl":"https:\/\/estherpunsola.com\/wp-content\/uploads\/2024\/04\/DSC_1807-scaled.jpg"},{"@type":"BreadcrumbList","@id":"https:\/\/estherpunsola.com\/es\/quien-soy\/#breadcrumb","itemListElement":[{"@type":"ListItem","position":1,"name":"Portada","item":"https:\/\/estherpunsola.com\/es\/arquitectura-interiorismo-y-reformas-maresme\/"},{"@type":"ListItem","position":2,"name":"Quien Soy"}]},{"@type":"WebSite","@id":"https:\/\/estherpunsola.com\/#website","url":"https:\/\/estherpunsola.com\/","name":"Esther Punsola Arquitecta","description":"","publisher":{"@id":"https:\/\/estherpunsola.com\/#organization"},"potentialAction":[{"@type":"SearchAction","target":{"@type":"EntryPoint","urlTemplate":"https:\/\/estherpunsola.com\/?s={search_term_string}"},"query-input":{"@type":"PropertyValueSpecification","valueRequired":true,"valueName":"search_term_string"}}],"inLanguage":"es"},{"@type":"Organization","@id":"https:\/\/estherpunsola.com\/#organization","name":"Esther Punsola Arquitecta","url":"https:\/\/estherpunsola.com\/","logo":{"@type":"ImageObject","inLanguage":"es","@id":"https:\/\/estherpunsola.com\/#\/schema\/logo\/image\/","url":"https:\/\/estherpunsola.com\/wp-content\/uploads\/2024\/03\/logonegre-removebg-preview.png","contentUrl":"https:\/\/estherpunsola.com\/wp-content\/uploads\/2024\/03\/logonegre-removebg-preview.png","width":400,"height":135,"caption":"Esther Punsola Arquitecta"},"image":{"@id":"https:\/\/estherpunsola.com\/#\/schema\/logo\/image\/"}}]}},"_links":{"self":[{"href":"https:\/\/estherpunsola.com\/es\/wp-json\/wp\/v2\/pages\/3221","targetHints":{"allow":["GET"]}}],"collection":[{"href":"https:\/\/estherpunsola.com\/es\/wp-json\/wp\/v2\/pages"}],"about":[{"href":"https:\/\/estherpunsola.com\/es\/wp-json\/wp\/v2\/types\/page"}],"author":[{"embeddable":true,"href":"https:\/\/estherpunsola.com\/es\/wp-json\/wp\/v2\/users\/4"}],"replies":[{"embeddable":true,"href":"https:\/\/estherpunsola.com\/es\/wp-json\/wp\/v2\/comments?post=3221"}],"version-history":[{"count":1,"href":"https:\/\/estherpunsola.com\/es\/wp-json\/wp\/v2\/pages\/3221\/revisions"}],"predecessor-version":[{"id":3226,"href":"https:\/\/estherpunsola.com\/es\/wp-json\/wp\/v2\/pages\/3221\/revisions\/3226"}],"wp:attachment":[{"href":"https:\/\/estherpunsola.com\/es\/wp-json\/wp\/v2\/media?parent=3221"}],"curies":[{"name":"wp","href":"https:\/\/api.w.org\/{rel}","templated":true}]}}