{"id":3234,"date":"2024-05-27T19:21:21","date_gmt":"2024-05-27T17:21:21","guid":{"rendered":"https:\/\/estherpunsola.com\/reforma-vimbodi\/"},"modified":"2025-05-05T15:40:17","modified_gmt":"2025-05-05T13:40:17","slug":"reforma-vimbodi","status":"publish","type":"page","link":"https:\/\/estherpunsola.com\/es\/reforma-vimbodi\/","title":{"rendered":"Reforma Vimbod\u00ed"},"content":{"rendered":"\t\t<div data-elementor-type=\"wp-page\" data-elementor-id=\"3234\" class=\"elementor elementor-3234 elementor-2612\" data-elementor-post-type=\"page\">\n\t\t\t\t\t\t<section class=\"elementor-section elementor-top-section elementor-element elementor-element-12317d3 elementor-section-boxed elementor-section-height-default elementor-section-height-default\" data-id=\"12317d3\" data-element_type=\"section\" data-settings=\"{&quot;background_background&quot;:&quot;classic&quot;}\">\n\t\t\t\t\t\t<div class=\"elementor-container elementor-column-gap-default\">\n\t\t\t\t\t<div class=\"elementor-column elementor-col-100 elementor-top-column elementor-element elementor-element-8b48b33\" data-id=\"8b48b33\" data-element_type=\"column\">\n\t\t\t<div class=\"elementor-widget-wrap elementor-element-populated\">\n\t\t\t\t\t\t<div class=\"elementor-element elementor-element-d876368 elementor-widget elementor-widget-heading\" data-id=\"d876368\" data-element_type=\"widget\" data-widget_type=\"heading.default\">\n\t\t\t\t<div class=\"elementor-widget-container\">\n\t\t\t\t\t<h2 class=\"elementor-heading-title elementor-size-default\">Reforma energ\u00e9tica<\/h2>\t\t\t\t<\/div>\n\t\t\t\t<\/div>\n\t\t\t\t<div class=\"elementor-element elementor-element-5548800 elementor-widget elementor-widget-text-editor\" data-id=\"5548800\" data-element_type=\"widget\" data-widget_type=\"text-editor.default\">\n\t\t\t\t<div class=\"elementor-widget-container\">\n\t\t\t\t\t\t\t\t\t<p><span style=\"font-weight: 400\">Nos encontramos con la necesidad de ampliar la casa, aparte de conseguir m\u00e1s luz y eficiencia energ\u00e9tica en esta casa entre medianeras y con s\u00f3lo una fachada. Esto se logra ampliando en altura el espacio bajo cubierta, con un nuevo tejado de madera y la apertura de una terraza. Las nuevas fachadas se realizan con sistema SATE (aislamiento t\u00e9rmico por el exterior) y la cubierta de madera con un buen grosor de aislamiento para resistir el fr\u00edo y calor debidos a la zona donde est\u00e1 ubicada.  <\/span><\/p>\t\t\t\t\t\t\t\t<\/div>\n\t\t\t\t<\/div>\n\t\t\t\t<div class=\"elementor-element elementor-element-1395f93 elementor-widget-divider--view-line elementor-widget elementor-widget-divider\" data-id=\"1395f93\" data-element_type=\"widget\" data-widget_type=\"divider.default\">\n\t\t\t\t<div class=\"elementor-widget-container\">\n\t\t\t\t\t\t\t<div class=\"elementor-divider\">\n\t\t\t<span class=\"elementor-divider-separator\">\n\t\t\t\t\t\t<\/span>\n\t\t<\/div>\n\t\t\t\t\t\t<\/div>\n\t\t\t\t<\/div>\n\t\t\t\t\t<\/div>\n\t\t<\/div>\n\t\t\t\t\t<\/div>\n\t\t<\/section>\n\t\t<div class=\"elementor-element elementor-element-378d8f8 e-flex e-con-boxed e-con e-parent\" data-id=\"378d8f8\" data-element_type=\"container\" data-settings=\"{&quot;background_background&quot;:&quot;classic&quot;}\">\n\t\t\t\t\t<div class=\"e-con-inner\">\n\t\t<div class=\"elementor-element elementor-element-34df656 e-con-full e-flex e-con e-parent\" data-id=\"34df656\" data-element_type=\"container\">\n\t\t\t\t<div class=\"elementor-element elementor-element-6bd8a4d elementor-widget__width-initial elementor-widget elementor-widget-image\" data-id=\"6bd8a4d\" data-element_type=\"widget\" data-widget_type=\"image.default\">\n\t\t\t\t<div class=\"elementor-widget-container\">\n\t\t\t\t\t\t\t\t\t\t\t\t\t\t\t<img fetchpriority=\"high\" decoding=\"async\" width=\"802\" height=\"1024\" src=\"https:\/\/estherpunsola.com\/wp-content\/uploads\/2024\/05\/Vimbodi-3-802x1024.jpg\" class=\"attachment-large size-large wp-image-2621\" alt=\"\" srcset=\"https:\/\/estherpunsola.com\/wp-content\/uploads\/2024\/05\/Vimbodi-3-802x1024.jpg 802w, https:\/\/estherpunsola.com\/wp-content\/uploads\/2024\/05\/Vimbodi-3-235x300.jpg 235w, https:\/\/estherpunsola.com\/wp-content\/uploads\/2024\/05\/Vimbodi-3-768x980.jpg 768w, https:\/\/estherpunsola.com\/wp-content\/uploads\/2024\/05\/Vimbodi-3-1204x1536.jpg 1204w, https:\/\/estherpunsola.com\/wp-content\/uploads\/2024\/05\/Vimbodi-3-1605x2048.jpg 1605w, https:\/\/estherpunsola.com\/wp-content\/uploads\/2024\/05\/Vimbodi-3-scaled.jpg 2006w\" sizes=\"(max-width: 802px) 100vw, 802px\" \/>\t\t\t\t\t\t\t\t\t\t\t\t\t\t\t<\/div>\n\t\t\t\t<\/div>\n\t\t\t\t<div class=\"elementor-element elementor-element-aae6bb4 elementor-widget elementor-widget-spacer\" data-id=\"aae6bb4\" data-element_type=\"widget\" data-widget_type=\"spacer.default\">\n\t\t\t\t<div class=\"elementor-widget-container\">\n\t\t\t\t\t\t\t<div class=\"elementor-spacer\">\n\t\t\t<div class=\"elementor-spacer-inner\"><\/div>\n\t\t<\/div>\n\t\t\t\t\t\t<\/div>\n\t\t\t\t<\/div>\n\t\t\t\t<\/div>\n\t\t<div class=\"elementor-element elementor-element-bd6b6dc e-con-full e-flex e-con e-parent\" data-id=\"bd6b6dc\" data-element_type=\"container\">\n\t\t<div class=\"elementor-element elementor-element-6a9e1b7 e-flex e-con-boxed e-con e-parent\" data-id=\"6a9e1b7\" data-element_type=\"container\">\n\t\t\t\t\t<div class=\"e-con-inner\">\n\t\t\t\t<div class=\"elementor-element elementor-element-256d33e elementor-widget__width-initial elementor-widget elementor-widget-image\" data-id=\"256d33e\" data-element_type=\"widget\" data-widget_type=\"image.default\">\n\t\t\t\t<div class=\"elementor-widget-container\">\n\t\t\t\t\t\t\t\t\t\t\t\t\t\t\t<img decoding=\"async\" width=\"1024\" height=\"674\" src=\"https:\/\/estherpunsola.com\/wp-content\/uploads\/2024\/05\/Vimbodi-1-e1716832774540-1024x674.jpg\" class=\"attachment-large size-large wp-image-2620\" alt=\"\" srcset=\"https:\/\/estherpunsola.com\/wp-content\/uploads\/2024\/05\/Vimbodi-1-e1716832774540-1024x674.jpg 1024w, https:\/\/estherpunsola.com\/wp-content\/uploads\/2024\/05\/Vimbodi-1-e1716832774540-300x198.jpg 300w, https:\/\/estherpunsola.com\/wp-content\/uploads\/2024\/05\/Vimbodi-1-e1716832774540-768x506.jpg 768w, https:\/\/estherpunsola.com\/wp-content\/uploads\/2024\/05\/Vimbodi-1-e1716832774540.jpg 1522w\" sizes=\"(max-width: 1024px) 100vw, 1024px\" \/>\t\t\t\t\t\t\t\t\t\t\t\t\t\t\t<\/div>\n\t\t\t\t<\/div>\n\t\t\t\t\t<\/div>\n\t\t\t\t<\/div>\n\t\t<div class=\"elementor-element elementor-element-a0c265d e-flex e-con-boxed e-con e-parent\" data-id=\"a0c265d\" data-element_type=\"container\">\n\t\t\t\t\t<div class=\"e-con-inner\">\n\t\t\t\t<div class=\"elementor-element elementor-element-22146d4 elementor-widget elementor-widget-image\" data-id=\"22146d4\" data-element_type=\"widget\" data-widget_type=\"image.default\">\n\t\t\t\t<div class=\"elementor-widget-container\">\n\t\t\t\t\t\t\t\t\t\t\t\t\t\t\t<img decoding=\"async\" width=\"1024\" height=\"768\" src=\"https:\/\/estherpunsola.com\/wp-content\/uploads\/2024\/05\/Vimbodi-2-1024x768.jpg\" class=\"attachment-large size-large wp-image-2619\" alt=\"\" srcset=\"https:\/\/estherpunsola.com\/wp-content\/uploads\/2024\/05\/Vimbodi-2-1024x768.jpg 1024w, https:\/\/estherpunsola.com\/wp-content\/uploads\/2024\/05\/Vimbodi-2-300x225.jpg 300w, https:\/\/estherpunsola.com\/wp-content\/uploads\/2024\/05\/Vimbodi-2-768x576.jpg 768w, https:\/\/estherpunsola.com\/wp-content\/uploads\/2024\/05\/Vimbodi-2-1536x1152.jpg 1536w, https:\/\/estherpunsola.com\/wp-content\/uploads\/2024\/05\/Vimbodi-2-2048x1536.jpg 2048w\" sizes=\"(max-width: 1024px) 100vw, 1024px\" \/>\t\t\t\t\t\t\t\t\t\t\t\t\t\t\t<\/div>\n\t\t\t\t<\/div>\n\t\t\t\t\t<\/div>\n\t\t\t\t<\/div>\n\t\t\t\t<\/div>\n\t\t\t\t\t<\/div>\n\t\t\t\t<\/div>\n\t\t\t\t<\/div>\n\t\t","protected":false},"excerpt":{"rendered":"<p>Reforma energ\u00e9tica Nos encontramos con la necesidad de ampliar la casa, aparte de conseguir m\u00e1s luz y eficiencia energ\u00e9tica en esta casa entre medianeras y con s\u00f3lo una fachada. Esto se logra ampliando en altura el espacio bajo cubierta, con un nuevo tejado de madera y la apertura de una terraza. Las nuevas fachadas se [&hellip;]<\/p>\n","protected":false},"author":4,"featured_media":0,"parent":0,"menu_order":0,"comment_status":"closed","ping_status":"closed","template":"","meta":{"site-sidebar-layout":"no-sidebar","site-content-layout":"page-builder","ast-site-content-layout":"full-width-container","site-content-style":"default","site-sidebar-style":"default","ast-global-header-display":"","ast-banner-title-visibility":"","ast-main-header-display":"","ast-hfb-above-header-display":"","ast-hfb-below-header-display":"","ast-hfb-mobile-header-display":"","site-post-title":"disabled","ast-breadcrumbs-content":"","ast-featured-img":"disabled","footer-sml-layout":"","theme-transparent-header-meta":"","adv-header-id-meta":"","stick-header-meta":"","header-above-stick-meta":"","header-main-stick-meta":"","header-below-stick-meta":"","astra-migrate-meta-layouts":"default","ast-page-background-enabled":"default","ast-page-background-meta":{"desktop":{"background-color":"var(--ast-global-color-4)","background-image":"","background-repeat":"repeat","background-position":"center center","background-size":"auto","background-attachment":"scroll","background-type":"","background-media":"","overlay-type":"","overlay-color":"","overlay-opacity":"","overlay-gradient":""},"tablet":{"background-color":"","background-image":"","background-repeat":"repeat","background-position":"center center","background-size":"auto","background-attachment":"scroll","background-type":"","background-media":"","overlay-type":"","overlay-color":"","overlay-opacity":"","overlay-gradient":""},"mobile":{"background-color":"","background-image":"","background-repeat":"repeat","background-position":"center center","background-size":"auto","background-attachment":"scroll","background-type":"","background-media":"","overlay-type":"","overlay-color":"","overlay-opacity":"","overlay-gradient":""}},"ast-content-background-meta":{"desktop":{"background-color":"var(--ast-global-color-5)","background-image":"","background-repeat":"repeat","background-position":"center center","background-size":"auto","background-attachment":"scroll","background-type":"","background-media":"","overlay-type":"","overlay-color":"","overlay-opacity":"","overlay-gradient":""},"tablet":{"background-color":"var(--ast-global-color-5)","background-image":"","background-repeat":"repeat","background-position":"center center","background-size":"auto","background-attachment":"scroll","background-type":"","background-media":"","overlay-type":"","overlay-color":"","overlay-opacity":"","overlay-gradient":""},"mobile":{"background-color":"var(--ast-global-color-5)","background-image":"","background-repeat":"repeat","background-position":"center center","background-size":"auto","background-attachment":"scroll","background-type":"","background-media":"","overlay-type":"","overlay-color":"","overlay-opacity":"","overlay-gradient":""}},"footnotes":""},"class_list":["post-3234","page","type-page","status-publish","hentry"],"yoast_head":"<!-- This site is optimized with the Yoast SEO plugin v26.3 - https:\/\/yoast.com\/wordpress\/plugins\/seo\/ -->\n<title>Reforma Vimbod\u00ed - Esther Punsola Arquitecta<\/title>\n<meta name=\"robots\" content=\"index, follow, max-snippet:-1, max-image-preview:large, max-video-preview:-1\" \/>\n<link rel=\"canonical\" href=\"https:\/\/estherpunsola.com\/es\/reforma-vimbodi\/\" \/>\n<meta property=\"og:locale\" content=\"es_ES\" \/>\n<meta property=\"og:type\" content=\"article\" \/>\n<meta property=\"og:title\" content=\"Reforma Vimbod\u00ed - Esther Punsola Arquitecta\" \/>\n<meta property=\"og:description\" content=\"Reforma energ\u00e9tica Nos encontramos con la necesidad de ampliar la casa, aparte de conseguir m\u00e1s luz y eficiencia energ\u00e9tica en esta casa entre medianeras y con s\u00f3lo una fachada. Esto se logra ampliando en altura el espacio bajo cubierta, con un nuevo tejado de madera y la apertura de una terraza. Las nuevas fachadas se [&hellip;]\" \/>\n<meta property=\"og:url\" content=\"https:\/\/estherpunsola.com\/es\/reforma-vimbodi\/\" \/>\n<meta property=\"og:site_name\" content=\"Esther Punsola Arquitecta\" \/>\n<meta property=\"article:modified_time\" content=\"2025-05-05T13:40:17+00:00\" \/>\n<meta property=\"og:image\" content=\"https:\/\/estherpunsola.com\/wp-content\/uploads\/2024\/05\/Vimbodi-3-scaled.jpg\" \/>\n\t<meta property=\"og:image:width\" content=\"2006\" \/>\n\t<meta property=\"og:image:height\" content=\"2560\" \/>\n\t<meta property=\"og:image:type\" content=\"image\/jpeg\" \/>\n<meta name=\"twitter:card\" content=\"summary_large_image\" \/>\n<script type=\"application\/ld+json\" class=\"yoast-schema-graph\">{\"@context\":\"https:\/\/schema.org\",\"@graph\":[{\"@type\":\"WebPage\",\"@id\":\"https:\/\/estherpunsola.com\/es\/reforma-vimbodi\/\",\"url\":\"https:\/\/estherpunsola.com\/es\/reforma-vimbodi\/\",\"name\":\"Reforma Vimbod\u00ed - Esther Punsola Arquitecta\",\"isPartOf\":{\"@id\":\"https:\/\/estherpunsola.com\/#website\"},\"primaryImageOfPage\":{\"@id\":\"https:\/\/estherpunsola.com\/es\/reforma-vimbodi\/#primaryimage\"},\"image\":{\"@id\":\"https:\/\/estherpunsola.com\/es\/reforma-vimbodi\/#primaryimage\"},\"thumbnailUrl\":\"https:\/\/estherpunsola.com\/wp-content\/uploads\/2024\/05\/Vimbodi-3-802x1024.jpg\",\"datePublished\":\"2024-05-27T17:21:21+00:00\",\"dateModified\":\"2025-05-05T13:40:17+00:00\",\"breadcrumb\":{\"@id\":\"https:\/\/estherpunsola.com\/es\/reforma-vimbodi\/#breadcrumb\"},\"inLanguage\":\"es\",\"potentialAction\":[{\"@type\":\"ReadAction\",\"target\":[\"https:\/\/estherpunsola.com\/es\/reforma-vimbodi\/\"]}]},{\"@type\":\"ImageObject\",\"inLanguage\":\"es\",\"@id\":\"https:\/\/estherpunsola.com\/es\/reforma-vimbodi\/#primaryimage\",\"url\":\"https:\/\/estherpunsola.com\/wp-content\/uploads\/2024\/05\/Vimbodi-3-802x1024.jpg\",\"contentUrl\":\"https:\/\/estherpunsola.com\/wp-content\/uploads\/2024\/05\/Vimbodi-3-802x1024.jpg\"},{\"@type\":\"BreadcrumbList\",\"@id\":\"https:\/\/estherpunsola.com\/es\/reforma-vimbodi\/#breadcrumb\",\"itemListElement\":[{\"@type\":\"ListItem\",\"position\":1,\"name\":\"Portada\",\"item\":\"https:\/\/estherpunsola.com\/es\/arquitectura-interiorismo-y-reformas-maresme\/\"},{\"@type\":\"ListItem\",\"position\":2,\"name\":\"Reforma Vimbod\u00ed\"}]},{\"@type\":\"WebSite\",\"@id\":\"https:\/\/estherpunsola.com\/#website\",\"url\":\"https:\/\/estherpunsola.com\/\",\"name\":\"Esther Punsola Arquitecta\",\"description\":\"\",\"publisher\":{\"@id\":\"https:\/\/estherpunsola.com\/#organization\"},\"potentialAction\":[{\"@type\":\"SearchAction\",\"target\":{\"@type\":\"EntryPoint\",\"urlTemplate\":\"https:\/\/estherpunsola.com\/?s={search_term_string}\"},\"query-input\":{\"@type\":\"PropertyValueSpecification\",\"valueRequired\":true,\"valueName\":\"search_term_string\"}}],\"inLanguage\":\"es\"},{\"@type\":\"Organization\",\"@id\":\"https:\/\/estherpunsola.com\/#organization\",\"name\":\"Esther Punsola Arquitecta\",\"url\":\"https:\/\/estherpunsola.com\/\",\"logo\":{\"@type\":\"ImageObject\",\"inLanguage\":\"es\",\"@id\":\"https:\/\/estherpunsola.com\/#\/schema\/logo\/image\/\",\"url\":\"https:\/\/estherpunsola.com\/wp-content\/uploads\/2024\/03\/logonegre-removebg-preview.png\",\"contentUrl\":\"https:\/\/estherpunsola.com\/wp-content\/uploads\/2024\/03\/logonegre-removebg-preview.png\",\"width\":400,\"height\":135,\"caption\":\"Esther Punsola Arquitecta\"},\"image\":{\"@id\":\"https:\/\/estherpunsola.com\/#\/schema\/logo\/image\/\"}}]}<\/script>\n<!-- \/ Yoast SEO plugin. -->","yoast_head_json":{"title":"Reforma Vimbod\u00ed - Esther Punsola Arquitecta","robots":{"index":"index","follow":"follow","max-snippet":"max-snippet:-1","max-image-preview":"max-image-preview:large","max-video-preview":"max-video-preview:-1"},"canonical":"https:\/\/estherpunsola.com\/es\/reforma-vimbodi\/","og_locale":"es_ES","og_type":"article","og_title":"Reforma Vimbod\u00ed - Esther Punsola Arquitecta","og_description":"Reforma energ\u00e9tica Nos encontramos con la necesidad de ampliar la casa, aparte de conseguir m\u00e1s luz y eficiencia energ\u00e9tica en esta casa entre medianeras y con s\u00f3lo una fachada. Esto se logra ampliando en altura el espacio bajo cubierta, con un nuevo tejado de madera y la apertura de una terraza. Las nuevas fachadas se [&hellip;]","og_url":"https:\/\/estherpunsola.com\/es\/reforma-vimbodi\/","og_site_name":"Esther Punsola Arquitecta","article_modified_time":"2025-05-05T13:40:17+00:00","og_image":[{"width":2006,"height":2560,"url":"https:\/\/estherpunsola.com\/wp-content\/uploads\/2024\/05\/Vimbodi-3-scaled.jpg","type":"image\/jpeg"}],"twitter_card":"summary_large_image","schema":{"@context":"https:\/\/schema.org","@graph":[{"@type":"WebPage","@id":"https:\/\/estherpunsola.com\/es\/reforma-vimbodi\/","url":"https:\/\/estherpunsola.com\/es\/reforma-vimbodi\/","name":"Reforma Vimbod\u00ed - Esther Punsola Arquitecta","isPartOf":{"@id":"https:\/\/estherpunsola.com\/#website"},"primaryImageOfPage":{"@id":"https:\/\/estherpunsola.com\/es\/reforma-vimbodi\/#primaryimage"},"image":{"@id":"https:\/\/estherpunsola.com\/es\/reforma-vimbodi\/#primaryimage"},"thumbnailUrl":"https:\/\/estherpunsola.com\/wp-content\/uploads\/2024\/05\/Vimbodi-3-802x1024.jpg","datePublished":"2024-05-27T17:21:21+00:00","dateModified":"2025-05-05T13:40:17+00:00","breadcrumb":{"@id":"https:\/\/estherpunsola.com\/es\/reforma-vimbodi\/#breadcrumb"},"inLanguage":"es","potentialAction":[{"@type":"ReadAction","target":["https:\/\/estherpunsola.com\/es\/reforma-vimbodi\/"]}]},{"@type":"ImageObject","inLanguage":"es","@id":"https:\/\/estherpunsola.com\/es\/reforma-vimbodi\/#primaryimage","url":"https:\/\/estherpunsola.com\/wp-content\/uploads\/2024\/05\/Vimbodi-3-802x1024.jpg","contentUrl":"https:\/\/estherpunsola.com\/wp-content\/uploads\/2024\/05\/Vimbodi-3-802x1024.jpg"},{"@type":"BreadcrumbList","@id":"https:\/\/estherpunsola.com\/es\/reforma-vimbodi\/#breadcrumb","itemListElement":[{"@type":"ListItem","position":1,"name":"Portada","item":"https:\/\/estherpunsola.com\/es\/arquitectura-interiorismo-y-reformas-maresme\/"},{"@type":"ListItem","position":2,"name":"Reforma Vimbod\u00ed"}]},{"@type":"WebSite","@id":"https:\/\/estherpunsola.com\/#website","url":"https:\/\/estherpunsola.com\/","name":"Esther Punsola Arquitecta","description":"","publisher":{"@id":"https:\/\/estherpunsola.com\/#organization"},"potentialAction":[{"@type":"SearchAction","target":{"@type":"EntryPoint","urlTemplate":"https:\/\/estherpunsola.com\/?s={search_term_string}"},"query-input":{"@type":"PropertyValueSpecification","valueRequired":true,"valueName":"search_term_string"}}],"inLanguage":"es"},{"@type":"Organization","@id":"https:\/\/estherpunsola.com\/#organization","name":"Esther Punsola Arquitecta","url":"https:\/\/estherpunsola.com\/","logo":{"@type":"ImageObject","inLanguage":"es","@id":"https:\/\/estherpunsola.com\/#\/schema\/logo\/image\/","url":"https:\/\/estherpunsola.com\/wp-content\/uploads\/2024\/03\/logonegre-removebg-preview.png","contentUrl":"https:\/\/estherpunsola.com\/wp-content\/uploads\/2024\/03\/logonegre-removebg-preview.png","width":400,"height":135,"caption":"Esther Punsola Arquitecta"},"image":{"@id":"https:\/\/estherpunsola.com\/#\/schema\/logo\/image\/"}}]}},"_links":{"self":[{"href":"https:\/\/estherpunsola.com\/es\/wp-json\/wp\/v2\/pages\/3234","targetHints":{"allow":["GET"]}}],"collection":[{"href":"https:\/\/estherpunsola.com\/es\/wp-json\/wp\/v2\/pages"}],"about":[{"href":"https:\/\/estherpunsola.com\/es\/wp-json\/wp\/v2\/types\/page"}],"author":[{"embeddable":true,"href":"https:\/\/estherpunsola.com\/es\/wp-json\/wp\/v2\/users\/4"}],"replies":[{"embeddable":true,"href":"https:\/\/estherpunsola.com\/es\/wp-json\/wp\/v2\/comments?post=3234"}],"version-history":[{"count":2,"href":"https:\/\/estherpunsola.com\/es\/wp-json\/wp\/v2\/pages\/3234\/revisions"}],"predecessor-version":[{"id":3236,"href":"https:\/\/estherpunsola.com\/es\/wp-json\/wp\/v2\/pages\/3234\/revisions\/3236"}],"wp:attachment":[{"href":"https:\/\/estherpunsola.com\/es\/wp-json\/wp\/v2\/media?parent=3234"}],"curies":[{"name":"wp","href":"https:\/\/api.w.org\/{rel}","templated":true}]}}