{"id":3238,"date":"2024-05-27T19:50:44","date_gmt":"2024-05-27T17:50:44","guid":{"rendered":"https:\/\/estherpunsola.com\/rehabilitacion-casa-centenaria\/"},"modified":"2025-05-05T15:40:40","modified_gmt":"2025-05-05T13:40:40","slug":"rehabilitacion-casa-centenaria","status":"publish","type":"page","link":"https:\/\/estherpunsola.com\/es\/rehabilitacion-casa-centenaria\/","title":{"rendered":"Rehabilitaci\u00f3n casa centenaria"},"content":{"rendered":"\t\t<div data-elementor-type=\"wp-page\" data-elementor-id=\"3238\" class=\"elementor elementor-3238 elementor-2652\" data-elementor-post-type=\"page\">\n\t\t\t\t\t\t<section class=\"elementor-section elementor-top-section elementor-element elementor-element-169e8cd elementor-section-boxed elementor-section-height-default elementor-section-height-default\" data-id=\"169e8cd\" data-element_type=\"section\" data-settings=\"{&quot;background_background&quot;:&quot;classic&quot;}\">\n\t\t\t\t\t\t<div class=\"elementor-container elementor-column-gap-default\">\n\t\t\t\t\t<div class=\"elementor-column elementor-col-100 elementor-top-column elementor-element elementor-element-77176f4\" data-id=\"77176f4\" data-element_type=\"column\">\n\t\t\t<div class=\"elementor-widget-wrap elementor-element-populated\">\n\t\t\t\t\t\t<div class=\"elementor-element elementor-element-5bab0a7 elementor-widget elementor-widget-heading\" data-id=\"5bab0a7\" data-element_type=\"widget\" data-widget_type=\"heading.default\">\n\t\t\t\t<div class=\"elementor-widget-container\">\n\t\t\t\t\t<h2 class=\"elementor-heading-title elementor-size-default\">Rehabilitaci\u00f3n de casa centenaria  <\/h2>\t\t\t\t<\/div>\n\t\t\t\t<\/div>\n\t\t\t\t<div class=\"elementor-element elementor-element-316f343 elementor-widget elementor-widget-text-editor\" data-id=\"316f343\" data-element_type=\"widget\" data-widget_type=\"text-editor.default\">\n\t\t\t\t<div class=\"elementor-widget-container\">\n\t\t\t\t\t\t\t\t\t<p><span style=\"font-weight: 400\">La rehabilitaci\u00f3n de esta vivienda centenaria entre medianeras nos ofrece la posibilidad de trabajar con una base de materiales naturales y aplicar f\u00e1cilmente criterios de bioconstrucci\u00f3n. Como parte de la rehabilitaci\u00f3n energ\u00e9tica, se ha construido un cancel de madera con el objetivo de generar una zona intermedia de protecci\u00f3n t\u00e9rmica. Las partes acristaladas del cancel proporcionan iluminaci\u00f3n natural en la sala de estar. <\/span><\/p>\t\t\t\t\t\t\t\t<\/div>\n\t\t\t\t<\/div>\n\t\t\t\t<div class=\"elementor-element elementor-element-b30bbbb elementor-widget-divider--view-line elementor-widget elementor-widget-divider\" data-id=\"b30bbbb\" data-element_type=\"widget\" data-widget_type=\"divider.default\">\n\t\t\t\t<div class=\"elementor-widget-container\">\n\t\t\t\t\t\t\t<div class=\"elementor-divider\">\n\t\t\t<span class=\"elementor-divider-separator\">\n\t\t\t\t\t\t<\/span>\n\t\t<\/div>\n\t\t\t\t\t\t<\/div>\n\t\t\t\t<\/div>\n\t\t\t\t<div class=\"elementor-element elementor-element-4e5a2b9 gallery-spacing-custom elementor-widget elementor-widget-image-gallery\" data-id=\"4e5a2b9\" data-element_type=\"widget\" data-widget_type=\"image-gallery.default\">\n\t\t\t\t<div class=\"elementor-widget-container\">\n\t\t\t\t\t\t\t<div class=\"elementor-image-gallery\">\n\t\t\t<div id='gallery-1' class='gallery galleryid-3238 gallery-columns-3 gallery-size-full'><figure class='gallery-item'>\n\t\t\t<div class='gallery-icon portrait'>\n\t\t\t\t<a data-elementor-open-lightbox=\"yes\" data-elementor-lightbox-slideshow=\"4e5a2b9\" data-elementor-lightbox-title=\"Rosers 1\" data-e-action-hash=\"#elementor-action%3Aaction%3Dlightbox%26settings%3DeyJpZCI6MjY3NCwidXJsIjoiaHR0cHM6XC9cL2VzdGhlcnB1bnNvbGEuY29tXC93cC1jb250ZW50XC91cGxvYWRzXC8yMDI0XC8wNVwvUm9zZXJzLTEtc2NhbGVkLmpwZyIsInNsaWRlc2hvdyI6IjRlNWEyYjkifQ%3D%3D\" href='https:\/\/estherpunsola.com\/wp-content\/uploads\/2024\/05\/Rosers-1-scaled.jpg'><img fetchpriority=\"high\" decoding=\"async\" width=\"1920\" height=\"2560\" src=\"https:\/\/estherpunsola.com\/wp-content\/uploads\/2024\/05\/Rosers-1-scaled.jpg\" class=\"attachment-full size-full\" alt=\"\" srcset=\"https:\/\/estherpunsola.com\/wp-content\/uploads\/2024\/05\/Rosers-1-scaled.jpg 1920w, https:\/\/estherpunsola.com\/wp-content\/uploads\/2024\/05\/Rosers-1-225x300.jpg 225w, https:\/\/estherpunsola.com\/wp-content\/uploads\/2024\/05\/Rosers-1-768x1024.jpg 768w, https:\/\/estherpunsola.com\/wp-content\/uploads\/2024\/05\/Rosers-1-1152x1536.jpg 1152w, https:\/\/estherpunsola.com\/wp-content\/uploads\/2024\/05\/Rosers-1-1536x2048.jpg 1536w\" sizes=\"(max-width: 1920px) 100vw, 1920px\" \/><\/a>\n\t\t\t<\/div><\/figure><figure class='gallery-item'>\n\t\t\t<div class='gallery-icon portrait'>\n\t\t\t\t<a data-elementor-open-lightbox=\"yes\" data-elementor-lightbox-slideshow=\"4e5a2b9\" data-elementor-lightbox-title=\"Rosers 5\" data-e-action-hash=\"#elementor-action%3Aaction%3Dlightbox%26settings%3DeyJpZCI6MjY3MiwidXJsIjoiaHR0cHM6XC9cL2VzdGhlcnB1bnNvbGEuY29tXC93cC1jb250ZW50XC91cGxvYWRzXC8yMDI0XC8wNVwvUm9zZXJzLTUtMS1zY2FsZWQuanBnIiwic2xpZGVzaG93IjoiNGU1YTJiOSJ9\" href='https:\/\/estherpunsola.com\/wp-content\/uploads\/2024\/05\/Rosers-5-1-scaled.jpg'><img decoding=\"async\" width=\"1920\" height=\"2560\" src=\"https:\/\/estherpunsola.com\/wp-content\/uploads\/2024\/05\/Rosers-5-1-scaled.jpg\" class=\"attachment-full size-full\" alt=\"\" srcset=\"https:\/\/estherpunsola.com\/wp-content\/uploads\/2024\/05\/Rosers-5-1-scaled.jpg 1920w, https:\/\/estherpunsola.com\/wp-content\/uploads\/2024\/05\/Rosers-5-1-225x300.jpg 225w, https:\/\/estherpunsola.com\/wp-content\/uploads\/2024\/05\/Rosers-5-1-768x1024.jpg 768w, https:\/\/estherpunsola.com\/wp-content\/uploads\/2024\/05\/Rosers-5-1-1152x1536.jpg 1152w, https:\/\/estherpunsola.com\/wp-content\/uploads\/2024\/05\/Rosers-5-1-1536x2048.jpg 1536w\" sizes=\"(max-width: 1920px) 100vw, 1920px\" \/><\/a>\n\t\t\t<\/div><\/figure><figure class='gallery-item'>\n\t\t\t<div class='gallery-icon portrait'>\n\t\t\t\t<a data-elementor-open-lightbox=\"yes\" data-elementor-lightbox-slideshow=\"4e5a2b9\" data-elementor-lightbox-title=\"Rosers 2\" data-e-action-hash=\"#elementor-action%3Aaction%3Dlightbox%26settings%3DeyJpZCI6MjY1NSwidXJsIjoiaHR0cHM6XC9cL2VzdGhlcnB1bnNvbGEuY29tXC93cC1jb250ZW50XC91cGxvYWRzXC8yMDI0XC8wNVwvUm9zZXJzLTItc2NhbGVkLWUxNzE2ODMzOTIyODY3LmpwZyIsInNsaWRlc2hvdyI6IjRlNWEyYjkifQ%3D%3D\" href='https:\/\/estherpunsola.com\/wp-content\/uploads\/2024\/05\/Rosers-2-scaled-e1716833922867.jpg'><img decoding=\"async\" width=\"1770\" height=\"2346\" src=\"https:\/\/estherpunsola.com\/wp-content\/uploads\/2024\/05\/Rosers-2-scaled-e1716833922867.jpg\" class=\"attachment-full size-full\" alt=\"\" srcset=\"https:\/\/estherpunsola.com\/wp-content\/uploads\/2024\/05\/Rosers-2-scaled-e1716833922867.jpg 1770w, https:\/\/estherpunsola.com\/wp-content\/uploads\/2024\/05\/Rosers-2-scaled-e1716833922867-226x300.jpg 226w, https:\/\/estherpunsola.com\/wp-content\/uploads\/2024\/05\/Rosers-2-scaled-e1716833922867-773x1024.jpg 773w, https:\/\/estherpunsola.com\/wp-content\/uploads\/2024\/05\/Rosers-2-scaled-e1716833922867-768x1018.jpg 768w, https:\/\/estherpunsola.com\/wp-content\/uploads\/2024\/05\/Rosers-2-scaled-e1716833922867-1159x1536.jpg 1159w, https:\/\/estherpunsola.com\/wp-content\/uploads\/2024\/05\/Rosers-2-scaled-e1716833922867-1545x2048.jpg 1545w\" sizes=\"(max-width: 1770px) 100vw, 1770px\" \/><\/a>\n\t\t\t<\/div><\/figure>\n\t\t<\/div>\n\t\t<\/div>\n\t\t\t\t\t\t<\/div>\n\t\t\t\t<\/div>\n\t\t\t\t\t<\/div>\n\t\t<\/div>\n\t\t\t\t\t<\/div>\n\t\t<\/section>\n\t\t\t\t<\/div>\n\t\t","protected":false},"excerpt":{"rendered":"<p>Rehabilitaci\u00f3n de casa centenaria La rehabilitaci\u00f3n de esta vivienda centenaria entre medianeras nos ofrece la posibilidad de trabajar con una base de materiales naturales y aplicar f\u00e1cilmente criterios de bioconstrucci\u00f3n. Como parte de la rehabilitaci\u00f3n energ\u00e9tica, se ha construido un cancel de madera con el objetivo de generar una zona intermedia de protecci\u00f3n t\u00e9rmica. Las [&hellip;]<\/p>\n","protected":false},"author":4,"featured_media":0,"parent":0,"menu_order":0,"comment_status":"closed","ping_status":"closed","template":"","meta":{"site-sidebar-layout":"no-sidebar","site-content-layout":"page-builder","ast-site-content-layout":"full-width-container","site-content-style":"default","site-sidebar-style":"default","ast-global-header-display":"","ast-banner-title-visibility":"","ast-main-header-display":"","ast-hfb-above-header-display":"","ast-hfb-below-header-display":"","ast-hfb-mobile-header-display":"","site-post-title":"disabled","ast-breadcrumbs-content":"","ast-featured-img":"disabled","footer-sml-layout":"","theme-transparent-header-meta":"","adv-header-id-meta":"","stick-header-meta":"","header-above-stick-meta":"","header-main-stick-meta":"","header-below-stick-meta":"","astra-migrate-meta-layouts":"default","ast-page-background-enabled":"default","ast-page-background-meta":{"desktop":{"background-color":"var(--ast-global-color-4)","background-image":"","background-repeat":"repeat","background-position":"center center","background-size":"auto","background-attachment":"scroll","background-type":"","background-media":"","overlay-type":"","overlay-color":"","overlay-opacity":"","overlay-gradient":""},"tablet":{"background-color":"","background-image":"","background-repeat":"repeat","background-position":"center center","background-size":"auto","background-attachment":"scroll","background-type":"","background-media":"","overlay-type":"","overlay-color":"","overlay-opacity":"","overlay-gradient":""},"mobile":{"background-color":"","background-image":"","background-repeat":"repeat","background-position":"center center","background-size":"auto","background-attachment":"scroll","background-type":"","background-media":"","overlay-type":"","overlay-color":"","overlay-opacity":"","overlay-gradient":""}},"ast-content-background-meta":{"desktop":{"background-color":"var(--ast-global-color-5)","background-image":"","background-repeat":"repeat","background-position":"center center","background-size":"auto","background-attachment":"scroll","background-type":"","background-media":"","overlay-type":"","overlay-color":"","overlay-opacity":"","overlay-gradient":""},"tablet":{"background-color":"var(--ast-global-color-5)","background-image":"","background-repeat":"repeat","background-position":"center center","background-size":"auto","background-attachment":"scroll","background-type":"","background-media":"","overlay-type":"","overlay-color":"","overlay-opacity":"","overlay-gradient":""},"mobile":{"background-color":"var(--ast-global-color-5)","background-image":"","background-repeat":"repeat","background-position":"center center","background-size":"auto","background-attachment":"scroll","background-type":"","background-media":"","overlay-type":"","overlay-color":"","overlay-opacity":"","overlay-gradient":""}},"footnotes":""},"class_list":["post-3238","page","type-page","status-publish","hentry"],"yoast_head":"<!-- This site is optimized with the Yoast SEO plugin v26.3 - https:\/\/yoast.com\/wordpress\/plugins\/seo\/ -->\n<title>Rehabilitaci\u00f3n casa centenaria - Esther Punsola Arquitecta<\/title>\n<meta name=\"robots\" content=\"index, follow, max-snippet:-1, max-image-preview:large, max-video-preview:-1\" \/>\n<link rel=\"canonical\" href=\"https:\/\/estherpunsola.com\/es\/rehabilitacion-casa-centenaria\/\" \/>\n<meta property=\"og:locale\" content=\"es_ES\" \/>\n<meta property=\"og:type\" content=\"article\" \/>\n<meta property=\"og:title\" content=\"Rehabilitaci\u00f3n casa centenaria - Esther Punsola Arquitecta\" \/>\n<meta property=\"og:description\" content=\"Rehabilitaci\u00f3n de casa centenaria La rehabilitaci\u00f3n de esta vivienda centenaria entre medianeras nos ofrece la posibilidad de trabajar con una base de materiales naturales y aplicar f\u00e1cilmente criterios de bioconstrucci\u00f3n. Como parte de la rehabilitaci\u00f3n energ\u00e9tica, se ha construido un cancel de madera con el objetivo de generar una zona intermedia de protecci\u00f3n t\u00e9rmica. Las [&hellip;]\" \/>\n<meta property=\"og:url\" content=\"https:\/\/estherpunsola.com\/es\/rehabilitacion-casa-centenaria\/\" \/>\n<meta property=\"og:site_name\" content=\"Esther Punsola Arquitecta\" \/>\n<meta property=\"article:modified_time\" content=\"2025-05-05T13:40:40+00:00\" \/>\n<meta property=\"og:image\" content=\"https:\/\/estherpunsola.com\/wp-content\/uploads\/2024\/05\/Rosers-1-scaled.jpg\" \/>\n<meta name=\"twitter:card\" content=\"summary_large_image\" \/>\n<script type=\"application\/ld+json\" class=\"yoast-schema-graph\">{\"@context\":\"https:\/\/schema.org\",\"@graph\":[{\"@type\":\"WebPage\",\"@id\":\"https:\/\/estherpunsola.com\/es\/rehabilitacion-casa-centenaria\/\",\"url\":\"https:\/\/estherpunsola.com\/es\/rehabilitacion-casa-centenaria\/\",\"name\":\"Rehabilitaci\u00f3n casa centenaria - Esther Punsola Arquitecta\",\"isPartOf\":{\"@id\":\"https:\/\/estherpunsola.com\/#website\"},\"primaryImageOfPage\":{\"@id\":\"https:\/\/estherpunsola.com\/es\/rehabilitacion-casa-centenaria\/#primaryimage\"},\"image\":{\"@id\":\"https:\/\/estherpunsola.com\/es\/rehabilitacion-casa-centenaria\/#primaryimage\"},\"thumbnailUrl\":\"https:\/\/estherpunsola.com\/wp-content\/uploads\/2024\/05\/Rosers-1-scaled.jpg\",\"datePublished\":\"2024-05-27T17:50:44+00:00\",\"dateModified\":\"2025-05-05T13:40:40+00:00\",\"breadcrumb\":{\"@id\":\"https:\/\/estherpunsola.com\/es\/rehabilitacion-casa-centenaria\/#breadcrumb\"},\"inLanguage\":\"es\",\"potentialAction\":[{\"@type\":\"ReadAction\",\"target\":[\"https:\/\/estherpunsola.com\/es\/rehabilitacion-casa-centenaria\/\"]}]},{\"@type\":\"ImageObject\",\"inLanguage\":\"es\",\"@id\":\"https:\/\/estherpunsola.com\/es\/rehabilitacion-casa-centenaria\/#primaryimage\",\"url\":\"https:\/\/estherpunsola.com\/wp-content\/uploads\/2024\/05\/Rosers-1-scaled.jpg\",\"contentUrl\":\"https:\/\/estherpunsola.com\/wp-content\/uploads\/2024\/05\/Rosers-1-scaled.jpg\"},{\"@type\":\"BreadcrumbList\",\"@id\":\"https:\/\/estherpunsola.com\/es\/rehabilitacion-casa-centenaria\/#breadcrumb\",\"itemListElement\":[{\"@type\":\"ListItem\",\"position\":1,\"name\":\"Portada\",\"item\":\"https:\/\/estherpunsola.com\/es\/arquitectura-interiorismo-y-reformas-maresme\/\"},{\"@type\":\"ListItem\",\"position\":2,\"name\":\"Rehabilitaci\u00f3n casa centenaria\"}]},{\"@type\":\"WebSite\",\"@id\":\"https:\/\/estherpunsola.com\/#website\",\"url\":\"https:\/\/estherpunsola.com\/\",\"name\":\"Esther Punsola Arquitecta\",\"description\":\"\",\"publisher\":{\"@id\":\"https:\/\/estherpunsola.com\/#organization\"},\"potentialAction\":[{\"@type\":\"SearchAction\",\"target\":{\"@type\":\"EntryPoint\",\"urlTemplate\":\"https:\/\/estherpunsola.com\/?s={search_term_string}\"},\"query-input\":{\"@type\":\"PropertyValueSpecification\",\"valueRequired\":true,\"valueName\":\"search_term_string\"}}],\"inLanguage\":\"es\"},{\"@type\":\"Organization\",\"@id\":\"https:\/\/estherpunsola.com\/#organization\",\"name\":\"Esther Punsola Arquitecta\",\"url\":\"https:\/\/estherpunsola.com\/\",\"logo\":{\"@type\":\"ImageObject\",\"inLanguage\":\"es\",\"@id\":\"https:\/\/estherpunsola.com\/#\/schema\/logo\/image\/\",\"url\":\"https:\/\/estherpunsola.com\/wp-content\/uploads\/2024\/03\/logonegre-removebg-preview.png\",\"contentUrl\":\"https:\/\/estherpunsola.com\/wp-content\/uploads\/2024\/03\/logonegre-removebg-preview.png\",\"width\":400,\"height\":135,\"caption\":\"Esther Punsola Arquitecta\"},\"image\":{\"@id\":\"https:\/\/estherpunsola.com\/#\/schema\/logo\/image\/\"}}]}<\/script>\n<!-- \/ Yoast SEO plugin. -->","yoast_head_json":{"title":"Rehabilitaci\u00f3n casa centenaria - Esther Punsola Arquitecta","robots":{"index":"index","follow":"follow","max-snippet":"max-snippet:-1","max-image-preview":"max-image-preview:large","max-video-preview":"max-video-preview:-1"},"canonical":"https:\/\/estherpunsola.com\/es\/rehabilitacion-casa-centenaria\/","og_locale":"es_ES","og_type":"article","og_title":"Rehabilitaci\u00f3n casa centenaria - Esther Punsola Arquitecta","og_description":"Rehabilitaci\u00f3n de casa centenaria La rehabilitaci\u00f3n de esta vivienda centenaria entre medianeras nos ofrece la posibilidad de trabajar con una base de materiales naturales y aplicar f\u00e1cilmente criterios de bioconstrucci\u00f3n. Como parte de la rehabilitaci\u00f3n energ\u00e9tica, se ha construido un cancel de madera con el objetivo de generar una zona intermedia de protecci\u00f3n t\u00e9rmica. Las [&hellip;]","og_url":"https:\/\/estherpunsola.com\/es\/rehabilitacion-casa-centenaria\/","og_site_name":"Esther Punsola Arquitecta","article_modified_time":"2025-05-05T13:40:40+00:00","og_image":[{"url":"https:\/\/estherpunsola.com\/wp-content\/uploads\/2024\/05\/Rosers-1-scaled.jpg","type":"","width":"","height":""}],"twitter_card":"summary_large_image","schema":{"@context":"https:\/\/schema.org","@graph":[{"@type":"WebPage","@id":"https:\/\/estherpunsola.com\/es\/rehabilitacion-casa-centenaria\/","url":"https:\/\/estherpunsola.com\/es\/rehabilitacion-casa-centenaria\/","name":"Rehabilitaci\u00f3n casa centenaria - Esther Punsola Arquitecta","isPartOf":{"@id":"https:\/\/estherpunsola.com\/#website"},"primaryImageOfPage":{"@id":"https:\/\/estherpunsola.com\/es\/rehabilitacion-casa-centenaria\/#primaryimage"},"image":{"@id":"https:\/\/estherpunsola.com\/es\/rehabilitacion-casa-centenaria\/#primaryimage"},"thumbnailUrl":"https:\/\/estherpunsola.com\/wp-content\/uploads\/2024\/05\/Rosers-1-scaled.jpg","datePublished":"2024-05-27T17:50:44+00:00","dateModified":"2025-05-05T13:40:40+00:00","breadcrumb":{"@id":"https:\/\/estherpunsola.com\/es\/rehabilitacion-casa-centenaria\/#breadcrumb"},"inLanguage":"es","potentialAction":[{"@type":"ReadAction","target":["https:\/\/estherpunsola.com\/es\/rehabilitacion-casa-centenaria\/"]}]},{"@type":"ImageObject","inLanguage":"es","@id":"https:\/\/estherpunsola.com\/es\/rehabilitacion-casa-centenaria\/#primaryimage","url":"https:\/\/estherpunsola.com\/wp-content\/uploads\/2024\/05\/Rosers-1-scaled.jpg","contentUrl":"https:\/\/estherpunsola.com\/wp-content\/uploads\/2024\/05\/Rosers-1-scaled.jpg"},{"@type":"BreadcrumbList","@id":"https:\/\/estherpunsola.com\/es\/rehabilitacion-casa-centenaria\/#breadcrumb","itemListElement":[{"@type":"ListItem","position":1,"name":"Portada","item":"https:\/\/estherpunsola.com\/es\/arquitectura-interiorismo-y-reformas-maresme\/"},{"@type":"ListItem","position":2,"name":"Rehabilitaci\u00f3n casa centenaria"}]},{"@type":"WebSite","@id":"https:\/\/estherpunsola.com\/#website","url":"https:\/\/estherpunsola.com\/","name":"Esther Punsola Arquitecta","description":"","publisher":{"@id":"https:\/\/estherpunsola.com\/#organization"},"potentialAction":[{"@type":"SearchAction","target":{"@type":"EntryPoint","urlTemplate":"https:\/\/estherpunsola.com\/?s={search_term_string}"},"query-input":{"@type":"PropertyValueSpecification","valueRequired":true,"valueName":"search_term_string"}}],"inLanguage":"es"},{"@type":"Organization","@id":"https:\/\/estherpunsola.com\/#organization","name":"Esther Punsola Arquitecta","url":"https:\/\/estherpunsola.com\/","logo":{"@type":"ImageObject","inLanguage":"es","@id":"https:\/\/estherpunsola.com\/#\/schema\/logo\/image\/","url":"https:\/\/estherpunsola.com\/wp-content\/uploads\/2024\/03\/logonegre-removebg-preview.png","contentUrl":"https:\/\/estherpunsola.com\/wp-content\/uploads\/2024\/03\/logonegre-removebg-preview.png","width":400,"height":135,"caption":"Esther Punsola Arquitecta"},"image":{"@id":"https:\/\/estherpunsola.com\/#\/schema\/logo\/image\/"}}]}},"_links":{"self":[{"href":"https:\/\/estherpunsola.com\/es\/wp-json\/wp\/v2\/pages\/3238","targetHints":{"allow":["GET"]}}],"collection":[{"href":"https:\/\/estherpunsola.com\/es\/wp-json\/wp\/v2\/pages"}],"about":[{"href":"https:\/\/estherpunsola.com\/es\/wp-json\/wp\/v2\/types\/page"}],"author":[{"embeddable":true,"href":"https:\/\/estherpunsola.com\/es\/wp-json\/wp\/v2\/users\/4"}],"replies":[{"embeddable":true,"href":"https:\/\/estherpunsola.com\/es\/wp-json\/wp\/v2\/comments?post=3238"}],"version-history":[{"count":2,"href":"https:\/\/estherpunsola.com\/es\/wp-json\/wp\/v2\/pages\/3238\/revisions"}],"predecessor-version":[{"id":3240,"href":"https:\/\/estherpunsola.com\/es\/wp-json\/wp\/v2\/pages\/3238\/revisions\/3240"}],"wp:attachment":[{"href":"https:\/\/estherpunsola.com\/es\/wp-json\/wp\/v2\/media?parent=3238"}],"curies":[{"name":"wp","href":"https:\/\/api.w.org\/{rel}","templated":true}]}}