{"id":3242,"date":"2024-05-24T13:26:31","date_gmt":"2024-05-24T11:26:31","guid":{"rendered":"https:\/\/estherpunsola.com\/rehabilitacion-de-vivienda-av-america\/"},"modified":"2025-05-05T15:40:55","modified_gmt":"2025-05-05T13:40:55","slug":"rehabilitacion-de-vivienda-av-america","status":"publish","type":"page","link":"https:\/\/estherpunsola.com\/es\/rehabilitacion-de-vivienda-av-america\/","title":{"rendered":"Rehabilitaci\u00f3n de Vivienda Av Am\u00e9rica"},"content":{"rendered":"\t\t<div data-elementor-type=\"wp-page\" data-elementor-id=\"3242\" class=\"elementor elementor-3242 elementor-2534\" data-elementor-post-type=\"page\">\n\t\t\t\t\t\t<section class=\"elementor-section elementor-top-section elementor-element elementor-element-e3dc9ec elementor-section-boxed elementor-section-height-default elementor-section-height-default\" data-id=\"e3dc9ec\" data-element_type=\"section\" data-settings=\"{&quot;background_background&quot;:&quot;classic&quot;}\">\n\t\t\t\t\t\t<div class=\"elementor-container elementor-column-gap-default\">\n\t\t\t\t\t<div class=\"elementor-column elementor-col-100 elementor-top-column elementor-element elementor-element-2b16608\" data-id=\"2b16608\" data-element_type=\"column\">\n\t\t\t<div class=\"elementor-widget-wrap elementor-element-populated\">\n\t\t\t\t\t\t<div class=\"elementor-element elementor-element-f8696e6 elementor-widget elementor-widget-heading\" data-id=\"f8696e6\" data-element_type=\"widget\" data-widget_type=\"heading.default\">\n\t\t\t\t<div class=\"elementor-widget-container\">\n\t\t\t\t\t<h2 class=\"elementor-heading-title elementor-size-default\">Rehabilitaci\u00f3n Integral de vivienda<\/h2>\t\t\t\t<\/div>\n\t\t\t\t<\/div>\n\t\t\t\t<div class=\"elementor-element elementor-element-e8438a7 elementor-widget elementor-widget-text-editor\" data-id=\"e8438a7\" data-element_type=\"widget\" data-widget_type=\"text-editor.default\">\n\t\t\t\t<div class=\"elementor-widget-container\">\n\t\t\t\t\t\t\t\t\t<p><span style=\"font-weight: 400\">Adecuaci\u00f3n de un local y una vivienda a una vivienda en su totalidad. Adecuando la edificaci\u00f3n a la normativa, se logra una reforma econ\u00f3mica tal y como requer\u00edan los clientes ganando funcionalidad, aislamiento, luz y espacio. <\/span><\/p>\t\t\t\t\t\t\t\t<\/div>\n\t\t\t\t<\/div>\n\t\t\t\t<div class=\"elementor-element elementor-element-0ee20a3 elementor-widget-divider--view-line elementor-widget elementor-widget-divider\" data-id=\"0ee20a3\" data-element_type=\"widget\" data-widget_type=\"divider.default\">\n\t\t\t\t<div class=\"elementor-widget-container\">\n\t\t\t\t\t\t\t<div class=\"elementor-divider\">\n\t\t\t<span class=\"elementor-divider-separator\">\n\t\t\t\t\t\t<\/span>\n\t\t<\/div>\n\t\t\t\t\t\t<\/div>\n\t\t\t\t<\/div>\n\t\t\t\t<div class=\"elementor-element elementor-element-547cbf6 gallery-spacing-custom elementor-widget elementor-widget-image-gallery\" data-id=\"547cbf6\" data-element_type=\"widget\" data-widget_type=\"image-gallery.default\">\n\t\t\t\t<div class=\"elementor-widget-container\">\n\t\t\t\t\t\t\t<div class=\"elementor-image-gallery\">\n\t\t\t<div id='gallery-1' class='gallery galleryid-3242 gallery-columns-3 gallery-size-full'><figure class='gallery-item'>\n\t\t\t<div class='gallery-icon landscape'>\n\t\t\t\t<a data-elementor-open-lightbox=\"yes\" data-elementor-lightbox-slideshow=\"547cbf6\" data-elementor-lightbox-title=\"DSC_5014-HDR.2a\" data-e-action-hash=\"#elementor-action%3Aaction%3Dlightbox%26settings%3DeyJpZCI6MTgxMiwidXJsIjoiaHR0cHM6XC9cL2VzdGhlcnB1bnNvbGEuY29tXC93cC1jb250ZW50XC91cGxvYWRzXC8yMDI0XC8wM1wvRFNDXzUwMTQtSERSLjJhLmpwZyIsInNsaWRlc2hvdyI6IjU0N2NiZjYifQ%3D%3D\" href='https:\/\/estherpunsola.com\/wp-content\/uploads\/2024\/03\/DSC_5014-HDR.2a.jpg'><img fetchpriority=\"high\" decoding=\"async\" width=\"1200\" height=\"812\" src=\"https:\/\/estherpunsola.com\/wp-content\/uploads\/2024\/03\/DSC_5014-HDR.2a.jpg\" class=\"attachment-full size-full\" alt=\"\" srcset=\"https:\/\/estherpunsola.com\/wp-content\/uploads\/2024\/03\/DSC_5014-HDR.2a.jpg 1200w, https:\/\/estherpunsola.com\/wp-content\/uploads\/2024\/03\/DSC_5014-HDR.2a-300x203.jpg 300w, https:\/\/estherpunsola.com\/wp-content\/uploads\/2024\/03\/DSC_5014-HDR.2a-1024x693.jpg 1024w, https:\/\/estherpunsola.com\/wp-content\/uploads\/2024\/03\/DSC_5014-HDR.2a-768x520.jpg 768w\" sizes=\"(max-width: 1200px) 100vw, 1200px\" \/><\/a>\n\t\t\t<\/div><\/figure><figure class='gallery-item'>\n\t\t\t<div class='gallery-icon landscape'>\n\t\t\t\t<a data-elementor-open-lightbox=\"yes\" data-elementor-lightbox-slideshow=\"547cbf6\" data-elementor-lightbox-title=\"Avda America 3\" data-e-action-hash=\"#elementor-action%3Aaction%3Dlightbox%26settings%3DeyJpZCI6MjUxOSwidXJsIjoiaHR0cHM6XC9cL2VzdGhlcnB1bnNvbGEuY29tXC93cC1jb250ZW50XC91cGxvYWRzXC8yMDI0XC8wNVwvQXZkYS1BbWVyaWNhLTMuanBnIiwic2xpZGVzaG93IjoiNTQ3Y2JmNiJ9\" href='https:\/\/estherpunsola.com\/wp-content\/uploads\/2024\/05\/Avda-America-3.jpg'><img decoding=\"async\" width=\"1200\" height=\"833\" src=\"https:\/\/estherpunsola.com\/wp-content\/uploads\/2024\/05\/Avda-America-3.jpg\" class=\"attachment-full size-full\" alt=\"\" srcset=\"https:\/\/estherpunsola.com\/wp-content\/uploads\/2024\/05\/Avda-America-3.jpg 1200w, https:\/\/estherpunsola.com\/wp-content\/uploads\/2024\/05\/Avda-America-3-300x208.jpg 300w, https:\/\/estherpunsola.com\/wp-content\/uploads\/2024\/05\/Avda-America-3-1024x711.jpg 1024w, https:\/\/estherpunsola.com\/wp-content\/uploads\/2024\/05\/Avda-America-3-768x533.jpg 768w\" sizes=\"(max-width: 1200px) 100vw, 1200px\" \/><\/a>\n\t\t\t<\/div><\/figure><figure class='gallery-item'>\n\t\t\t<div class='gallery-icon landscape'>\n\t\t\t\t<a data-elementor-open-lightbox=\"yes\" data-elementor-lightbox-slideshow=\"547cbf6\" data-elementor-lightbox-title=\"Avda America 1\" data-e-action-hash=\"#elementor-action%3Aaction%3Dlightbox%26settings%3DeyJpZCI6MjUxNiwidXJsIjoiaHR0cHM6XC9cL2VzdGhlcnB1bnNvbGEuY29tXC93cC1jb250ZW50XC91cGxvYWRzXC8yMDI0XC8wNVwvQXZkYS1BbWVyaWNhLTEuanBnIiwic2xpZGVzaG93IjoiNTQ3Y2JmNiJ9\" href='https:\/\/estherpunsola.com\/wp-content\/uploads\/2024\/05\/Avda-America-1.jpg'><img decoding=\"async\" width=\"1200\" height=\"801\" src=\"https:\/\/estherpunsola.com\/wp-content\/uploads\/2024\/05\/Avda-America-1.jpg\" class=\"attachment-full size-full\" alt=\"\" srcset=\"https:\/\/estherpunsola.com\/wp-content\/uploads\/2024\/05\/Avda-America-1.jpg 1200w, https:\/\/estherpunsola.com\/wp-content\/uploads\/2024\/05\/Avda-America-1-300x200.jpg 300w, https:\/\/estherpunsola.com\/wp-content\/uploads\/2024\/05\/Avda-America-1-1024x684.jpg 1024w, https:\/\/estherpunsola.com\/wp-content\/uploads\/2024\/05\/Avda-America-1-768x513.jpg 768w\" sizes=\"(max-width: 1200px) 100vw, 1200px\" \/><\/a>\n\t\t\t<\/div><\/figure><figure class='gallery-item'>\n\t\t\t<div class='gallery-icon portrait'>\n\t\t\t\t<a data-elementor-open-lightbox=\"yes\" data-elementor-lightbox-slideshow=\"547cbf6\" data-elementor-lightbox-title=\"Avda America 7\" data-e-action-hash=\"#elementor-action%3Aaction%3Dlightbox%26settings%3DeyJpZCI6MjUxNywidXJsIjoiaHR0cHM6XC9cL2VzdGhlcnB1bnNvbGEuY29tXC93cC1jb250ZW50XC91cGxvYWRzXC8yMDI0XC8wNVwvQXZkYS1BbWVyaWNhLTcuanBnIiwic2xpZGVzaG93IjoiNTQ3Y2JmNiJ9\" href='https:\/\/estherpunsola.com\/wp-content\/uploads\/2024\/05\/Avda-America-7.jpg'><img loading=\"lazy\" decoding=\"async\" width=\"801\" height=\"1200\" src=\"https:\/\/estherpunsola.com\/wp-content\/uploads\/2024\/05\/Avda-America-7.jpg\" class=\"attachment-full size-full\" alt=\"\" srcset=\"https:\/\/estherpunsola.com\/wp-content\/uploads\/2024\/05\/Avda-America-7.jpg 801w, https:\/\/estherpunsola.com\/wp-content\/uploads\/2024\/05\/Avda-America-7-200x300.jpg 200w, https:\/\/estherpunsola.com\/wp-content\/uploads\/2024\/05\/Avda-America-7-684x1024.jpg 684w, https:\/\/estherpunsola.com\/wp-content\/uploads\/2024\/05\/Avda-America-7-768x1151.jpg 768w\" sizes=\"(max-width: 801px) 100vw, 801px\" \/><\/a>\n\t\t\t<\/div><\/figure><figure class='gallery-item'>\n\t\t\t<div class='gallery-icon portrait'>\n\t\t\t\t<a data-elementor-open-lightbox=\"yes\" data-elementor-lightbox-slideshow=\"547cbf6\" data-elementor-lightbox-title=\"Avda America 2\" data-e-action-hash=\"#elementor-action%3Aaction%3Dlightbox%26settings%3DeyJpZCI6MjUxOCwidXJsIjoiaHR0cHM6XC9cL2VzdGhlcnB1bnNvbGEuY29tXC93cC1jb250ZW50XC91cGxvYWRzXC8yMDI0XC8wNVwvQXZkYS1BbWVyaWNhLTIuanBnIiwic2xpZGVzaG93IjoiNTQ3Y2JmNiJ9\" href='https:\/\/estherpunsola.com\/wp-content\/uploads\/2024\/05\/Avda-America-2.jpg'><img loading=\"lazy\" decoding=\"async\" width=\"801\" height=\"1200\" src=\"https:\/\/estherpunsola.com\/wp-content\/uploads\/2024\/05\/Avda-America-2.jpg\" class=\"attachment-full size-full\" alt=\"\" srcset=\"https:\/\/estherpunsola.com\/wp-content\/uploads\/2024\/05\/Avda-America-2.jpg 801w, https:\/\/estherpunsola.com\/wp-content\/uploads\/2024\/05\/Avda-America-2-200x300.jpg 200w, https:\/\/estherpunsola.com\/wp-content\/uploads\/2024\/05\/Avda-America-2-684x1024.jpg 684w, https:\/\/estherpunsola.com\/wp-content\/uploads\/2024\/05\/Avda-America-2-768x1151.jpg 768w\" sizes=\"(max-width: 801px) 100vw, 801px\" \/><\/a>\n\t\t\t<\/div><\/figure><figure class='gallery-item'>\n\t\t\t<div class='gallery-icon portrait'>\n\t\t\t\t<a data-elementor-open-lightbox=\"yes\" data-elementor-lightbox-slideshow=\"547cbf6\" data-elementor-lightbox-title=\"DSC_4988.2a\" data-e-action-hash=\"#elementor-action%3Aaction%3Dlightbox%26settings%3DeyJpZCI6MTc5OSwidXJsIjoiaHR0cHM6XC9cL2VzdGhlcnB1bnNvbGEuY29tXC93cC1jb250ZW50XC91cGxvYWRzXC8yMDI0XC8wM1wvRFNDXzQ5ODguMmEuanBnIiwic2xpZGVzaG93IjoiNTQ3Y2JmNiJ9\" href='https:\/\/estherpunsola.com\/wp-content\/uploads\/2024\/03\/DSC_4988.2a.jpg'><img loading=\"lazy\" decoding=\"async\" width=\"801\" height=\"1200\" src=\"https:\/\/estherpunsola.com\/wp-content\/uploads\/2024\/03\/DSC_4988.2a.jpg\" class=\"attachment-full size-full\" alt=\"\" srcset=\"https:\/\/estherpunsola.com\/wp-content\/uploads\/2024\/03\/DSC_4988.2a.jpg 801w, https:\/\/estherpunsola.com\/wp-content\/uploads\/2024\/03\/DSC_4988.2a-200x300.jpg 200w, https:\/\/estherpunsola.com\/wp-content\/uploads\/2024\/03\/DSC_4988.2a-684x1024.jpg 684w, https:\/\/estherpunsola.com\/wp-content\/uploads\/2024\/03\/DSC_4988.2a-768x1151.jpg 768w\" sizes=\"(max-width: 801px) 100vw, 801px\" \/><\/a>\n\t\t\t<\/div><\/figure>\n\t\t<\/div>\n\t\t<\/div>\n\t\t\t\t\t\t<\/div>\n\t\t\t\t<\/div>\n\t\t\t\t\t<\/div>\n\t\t<\/div>\n\t\t\t\t\t<\/div>\n\t\t<\/section>\n\t\t\t\t<\/div>\n\t\t","protected":false},"excerpt":{"rendered":"<p>Rehabilitaci\u00f3n Integral de vivienda Adecuaci\u00f3n de un local y una vivienda a una vivienda en su totalidad. Adecuando la edificaci\u00f3n a la normativa, se logra una reforma econ\u00f3mica tal y como requer\u00edan los clientes ganando funcionalidad, aislamiento, luz y espacio.<\/p>\n","protected":false},"author":4,"featured_media":0,"parent":0,"menu_order":0,"comment_status":"closed","ping_status":"closed","template":"","meta":{"site-sidebar-layout":"no-sidebar","site-content-layout":"page-builder","ast-site-content-layout":"full-width-container","site-content-style":"default","site-sidebar-style":"default","ast-global-header-display":"","ast-banner-title-visibility":"","ast-main-header-display":"","ast-hfb-above-header-display":"","ast-hfb-below-header-display":"","ast-hfb-mobile-header-display":"","site-post-title":"disabled","ast-breadcrumbs-content":"","ast-featured-img":"disabled","footer-sml-layout":"","theme-transparent-header-meta":"","adv-header-id-meta":"","stick-header-meta":"","header-above-stick-meta":"","header-main-stick-meta":"","header-below-stick-meta":"","astra-migrate-meta-layouts":"default","ast-page-background-enabled":"default","ast-page-background-meta":{"desktop":{"background-color":"var(--ast-global-color-4)","background-image":"","background-repeat":"repeat","background-position":"center center","background-size":"auto","background-attachment":"scroll","background-type":"","background-media":"","overlay-type":"","overlay-color":"","overlay-opacity":"","overlay-gradient":""},"tablet":{"background-color":"","background-image":"","background-repeat":"repeat","background-position":"center center","background-size":"auto","background-attachment":"scroll","background-type":"","background-media":"","overlay-type":"","overlay-color":"","overlay-opacity":"","overlay-gradient":""},"mobile":{"background-color":"","background-image":"","background-repeat":"repeat","background-position":"center center","background-size":"auto","background-attachment":"scroll","background-type":"","background-media":"","overlay-type":"","overlay-color":"","overlay-opacity":"","overlay-gradient":""}},"ast-content-background-meta":{"desktop":{"background-color":"var(--ast-global-color-5)","background-image":"","background-repeat":"repeat","background-position":"center center","background-size":"auto","background-attachment":"scroll","background-type":"","background-media":"","overlay-type":"","overlay-color":"","overlay-opacity":"","overlay-gradient":""},"tablet":{"background-color":"var(--ast-global-color-5)","background-image":"","background-repeat":"repeat","background-position":"center center","background-size":"auto","background-attachment":"scroll","background-type":"","background-media":"","overlay-type":"","overlay-color":"","overlay-opacity":"","overlay-gradient":""},"mobile":{"background-color":"var(--ast-global-color-5)","background-image":"","background-repeat":"repeat","background-position":"center center","background-size":"auto","background-attachment":"scroll","background-type":"","background-media":"","overlay-type":"","overlay-color":"","overlay-opacity":"","overlay-gradient":""}},"footnotes":""},"class_list":["post-3242","page","type-page","status-publish","hentry"],"yoast_head":"<!-- This site is optimized with the Yoast SEO plugin v26.3 - https:\/\/yoast.com\/wordpress\/plugins\/seo\/ -->\n<title>Rehabilitaci\u00f3n de Vivienda Av Am\u00e9rica - Esther Punsola Arquitecta<\/title>\n<meta name=\"robots\" content=\"index, follow, max-snippet:-1, max-image-preview:large, max-video-preview:-1\" \/>\n<link rel=\"canonical\" href=\"https:\/\/estherpunsola.com\/es\/rehabilitacion-de-vivienda-av-america\/\" \/>\n<meta property=\"og:locale\" content=\"es_ES\" \/>\n<meta property=\"og:type\" content=\"article\" \/>\n<meta property=\"og:title\" content=\"Rehabilitaci\u00f3n de Vivienda Av Am\u00e9rica - Esther Punsola Arquitecta\" \/>\n<meta property=\"og:description\" content=\"Rehabilitaci\u00f3n Integral de vivienda Adecuaci\u00f3n de un local y una vivienda a una vivienda en su totalidad. Adecuando la edificaci\u00f3n a la normativa, se logra una reforma econ\u00f3mica tal y como requer\u00edan los clientes ganando funcionalidad, aislamiento, luz y espacio.\" \/>\n<meta property=\"og:url\" content=\"https:\/\/estherpunsola.com\/es\/rehabilitacion-de-vivienda-av-america\/\" \/>\n<meta property=\"og:site_name\" content=\"Esther Punsola Arquitecta\" \/>\n<meta property=\"article:modified_time\" content=\"2025-05-05T13:40:55+00:00\" \/>\n<meta property=\"og:image\" content=\"https:\/\/estherpunsola.com\/wp-content\/uploads\/2024\/03\/DSC_5014-HDR.2a.jpg\" \/>\n<meta name=\"twitter:card\" content=\"summary_large_image\" \/>\n<script type=\"application\/ld+json\" class=\"yoast-schema-graph\">{\"@context\":\"https:\/\/schema.org\",\"@graph\":[{\"@type\":\"WebPage\",\"@id\":\"https:\/\/estherpunsola.com\/es\/rehabilitacion-de-vivienda-av-america\/\",\"url\":\"https:\/\/estherpunsola.com\/es\/rehabilitacion-de-vivienda-av-america\/\",\"name\":\"Rehabilitaci\u00f3n de Vivienda Av Am\u00e9rica - Esther Punsola Arquitecta\",\"isPartOf\":{\"@id\":\"https:\/\/estherpunsola.com\/#website\"},\"primaryImageOfPage\":{\"@id\":\"https:\/\/estherpunsola.com\/es\/rehabilitacion-de-vivienda-av-america\/#primaryimage\"},\"image\":{\"@id\":\"https:\/\/estherpunsola.com\/es\/rehabilitacion-de-vivienda-av-america\/#primaryimage\"},\"thumbnailUrl\":\"https:\/\/estherpunsola.com\/wp-content\/uploads\/2024\/03\/DSC_5014-HDR.2a.jpg\",\"datePublished\":\"2024-05-24T11:26:31+00:00\",\"dateModified\":\"2025-05-05T13:40:55+00:00\",\"breadcrumb\":{\"@id\":\"https:\/\/estherpunsola.com\/es\/rehabilitacion-de-vivienda-av-america\/#breadcrumb\"},\"inLanguage\":\"es\",\"potentialAction\":[{\"@type\":\"ReadAction\",\"target\":[\"https:\/\/estherpunsola.com\/es\/rehabilitacion-de-vivienda-av-america\/\"]}]},{\"@type\":\"ImageObject\",\"inLanguage\":\"es\",\"@id\":\"https:\/\/estherpunsola.com\/es\/rehabilitacion-de-vivienda-av-america\/#primaryimage\",\"url\":\"https:\/\/estherpunsola.com\/wp-content\/uploads\/2024\/03\/DSC_5014-HDR.2a.jpg\",\"contentUrl\":\"https:\/\/estherpunsola.com\/wp-content\/uploads\/2024\/03\/DSC_5014-HDR.2a.jpg\"},{\"@type\":\"BreadcrumbList\",\"@id\":\"https:\/\/estherpunsola.com\/es\/rehabilitacion-de-vivienda-av-america\/#breadcrumb\",\"itemListElement\":[{\"@type\":\"ListItem\",\"position\":1,\"name\":\"Portada\",\"item\":\"https:\/\/estherpunsola.com\/es\/arquitectura-interiorismo-y-reformas-maresme\/\"},{\"@type\":\"ListItem\",\"position\":2,\"name\":\"Rehabilitaci\u00f3n de Vivienda Av Am\u00e9rica\"}]},{\"@type\":\"WebSite\",\"@id\":\"https:\/\/estherpunsola.com\/#website\",\"url\":\"https:\/\/estherpunsola.com\/\",\"name\":\"Esther Punsola Arquitecta\",\"description\":\"\",\"publisher\":{\"@id\":\"https:\/\/estherpunsola.com\/#organization\"},\"potentialAction\":[{\"@type\":\"SearchAction\",\"target\":{\"@type\":\"EntryPoint\",\"urlTemplate\":\"https:\/\/estherpunsola.com\/?s={search_term_string}\"},\"query-input\":{\"@type\":\"PropertyValueSpecification\",\"valueRequired\":true,\"valueName\":\"search_term_string\"}}],\"inLanguage\":\"es\"},{\"@type\":\"Organization\",\"@id\":\"https:\/\/estherpunsola.com\/#organization\",\"name\":\"Esther Punsola Arquitecta\",\"url\":\"https:\/\/estherpunsola.com\/\",\"logo\":{\"@type\":\"ImageObject\",\"inLanguage\":\"es\",\"@id\":\"https:\/\/estherpunsola.com\/#\/schema\/logo\/image\/\",\"url\":\"https:\/\/estherpunsola.com\/wp-content\/uploads\/2024\/03\/logonegre-removebg-preview.png\",\"contentUrl\":\"https:\/\/estherpunsola.com\/wp-content\/uploads\/2024\/03\/logonegre-removebg-preview.png\",\"width\":400,\"height\":135,\"caption\":\"Esther Punsola Arquitecta\"},\"image\":{\"@id\":\"https:\/\/estherpunsola.com\/#\/schema\/logo\/image\/\"}}]}<\/script>\n<!-- \/ Yoast SEO plugin. -->","yoast_head_json":{"title":"Rehabilitaci\u00f3n de Vivienda Av Am\u00e9rica - Esther Punsola Arquitecta","robots":{"index":"index","follow":"follow","max-snippet":"max-snippet:-1","max-image-preview":"max-image-preview:large","max-video-preview":"max-video-preview:-1"},"canonical":"https:\/\/estherpunsola.com\/es\/rehabilitacion-de-vivienda-av-america\/","og_locale":"es_ES","og_type":"article","og_title":"Rehabilitaci\u00f3n de Vivienda Av Am\u00e9rica - Esther Punsola Arquitecta","og_description":"Rehabilitaci\u00f3n Integral de vivienda Adecuaci\u00f3n de un local y una vivienda a una vivienda en su totalidad. Adecuando la edificaci\u00f3n a la normativa, se logra una reforma econ\u00f3mica tal y como requer\u00edan los clientes ganando funcionalidad, aislamiento, luz y espacio.","og_url":"https:\/\/estherpunsola.com\/es\/rehabilitacion-de-vivienda-av-america\/","og_site_name":"Esther Punsola Arquitecta","article_modified_time":"2025-05-05T13:40:55+00:00","og_image":[{"url":"https:\/\/estherpunsola.com\/wp-content\/uploads\/2024\/03\/DSC_5014-HDR.2a.jpg","type":"","width":"","height":""}],"twitter_card":"summary_large_image","schema":{"@context":"https:\/\/schema.org","@graph":[{"@type":"WebPage","@id":"https:\/\/estherpunsola.com\/es\/rehabilitacion-de-vivienda-av-america\/","url":"https:\/\/estherpunsola.com\/es\/rehabilitacion-de-vivienda-av-america\/","name":"Rehabilitaci\u00f3n de Vivienda Av Am\u00e9rica - Esther Punsola Arquitecta","isPartOf":{"@id":"https:\/\/estherpunsola.com\/#website"},"primaryImageOfPage":{"@id":"https:\/\/estherpunsola.com\/es\/rehabilitacion-de-vivienda-av-america\/#primaryimage"},"image":{"@id":"https:\/\/estherpunsola.com\/es\/rehabilitacion-de-vivienda-av-america\/#primaryimage"},"thumbnailUrl":"https:\/\/estherpunsola.com\/wp-content\/uploads\/2024\/03\/DSC_5014-HDR.2a.jpg","datePublished":"2024-05-24T11:26:31+00:00","dateModified":"2025-05-05T13:40:55+00:00","breadcrumb":{"@id":"https:\/\/estherpunsola.com\/es\/rehabilitacion-de-vivienda-av-america\/#breadcrumb"},"inLanguage":"es","potentialAction":[{"@type":"ReadAction","target":["https:\/\/estherpunsola.com\/es\/rehabilitacion-de-vivienda-av-america\/"]}]},{"@type":"ImageObject","inLanguage":"es","@id":"https:\/\/estherpunsola.com\/es\/rehabilitacion-de-vivienda-av-america\/#primaryimage","url":"https:\/\/estherpunsola.com\/wp-content\/uploads\/2024\/03\/DSC_5014-HDR.2a.jpg","contentUrl":"https:\/\/estherpunsola.com\/wp-content\/uploads\/2024\/03\/DSC_5014-HDR.2a.jpg"},{"@type":"BreadcrumbList","@id":"https:\/\/estherpunsola.com\/es\/rehabilitacion-de-vivienda-av-america\/#breadcrumb","itemListElement":[{"@type":"ListItem","position":1,"name":"Portada","item":"https:\/\/estherpunsola.com\/es\/arquitectura-interiorismo-y-reformas-maresme\/"},{"@type":"ListItem","position":2,"name":"Rehabilitaci\u00f3n de Vivienda Av Am\u00e9rica"}]},{"@type":"WebSite","@id":"https:\/\/estherpunsola.com\/#website","url":"https:\/\/estherpunsola.com\/","name":"Esther Punsola Arquitecta","description":"","publisher":{"@id":"https:\/\/estherpunsola.com\/#organization"},"potentialAction":[{"@type":"SearchAction","target":{"@type":"EntryPoint","urlTemplate":"https:\/\/estherpunsola.com\/?s={search_term_string}"},"query-input":{"@type":"PropertyValueSpecification","valueRequired":true,"valueName":"search_term_string"}}],"inLanguage":"es"},{"@type":"Organization","@id":"https:\/\/estherpunsola.com\/#organization","name":"Esther Punsola Arquitecta","url":"https:\/\/estherpunsola.com\/","logo":{"@type":"ImageObject","inLanguage":"es","@id":"https:\/\/estherpunsola.com\/#\/schema\/logo\/image\/","url":"https:\/\/estherpunsola.com\/wp-content\/uploads\/2024\/03\/logonegre-removebg-preview.png","contentUrl":"https:\/\/estherpunsola.com\/wp-content\/uploads\/2024\/03\/logonegre-removebg-preview.png","width":400,"height":135,"caption":"Esther Punsola Arquitecta"},"image":{"@id":"https:\/\/estherpunsola.com\/#\/schema\/logo\/image\/"}}]}},"_links":{"self":[{"href":"https:\/\/estherpunsola.com\/es\/wp-json\/wp\/v2\/pages\/3242","targetHints":{"allow":["GET"]}}],"collection":[{"href":"https:\/\/estherpunsola.com\/es\/wp-json\/wp\/v2\/pages"}],"about":[{"href":"https:\/\/estherpunsola.com\/es\/wp-json\/wp\/v2\/types\/page"}],"author":[{"embeddable":true,"href":"https:\/\/estherpunsola.com\/es\/wp-json\/wp\/v2\/users\/4"}],"replies":[{"embeddable":true,"href":"https:\/\/estherpunsola.com\/es\/wp-json\/wp\/v2\/comments?post=3242"}],"version-history":[{"count":2,"href":"https:\/\/estherpunsola.com\/es\/wp-json\/wp\/v2\/pages\/3242\/revisions"}],"predecessor-version":[{"id":3244,"href":"https:\/\/estherpunsola.com\/es\/wp-json\/wp\/v2\/pages\/3242\/revisions\/3244"}],"wp:attachment":[{"href":"https:\/\/estherpunsola.com\/es\/wp-json\/wp\/v2\/media?parent=3242"}],"curies":[{"name":"wp","href":"https:\/\/api.w.org\/{rel}","templated":true}]}}