{"id":3246,"date":"2024-05-24T12:43:41","date_gmt":"2024-05-24T10:43:41","guid":{"rendered":"https:\/\/estherpunsola.com\/rehabilitacion-integral-st-ramon\/"},"modified":"2025-05-05T15:41:09","modified_gmt":"2025-05-05T13:41:09","slug":"rehabilitacion-integral-st-ramon","status":"publish","type":"page","link":"https:\/\/estherpunsola.com\/es\/rehabilitacion-integral-st-ramon\/","title":{"rendered":"Rehabilitaci\u00f3n integral St Ram\u00f3n"},"content":{"rendered":"\t\t<div data-elementor-type=\"wp-page\" data-elementor-id=\"3246\" class=\"elementor elementor-3246 elementor-2478\" data-elementor-post-type=\"page\">\n\t\t\t\t\t\t<section class=\"elementor-section elementor-top-section elementor-element elementor-element-884fefd elementor-section-boxed elementor-section-height-default elementor-section-height-default\" data-id=\"884fefd\" data-element_type=\"section\" data-settings=\"{&quot;background_background&quot;:&quot;classic&quot;}\">\n\t\t\t\t\t\t<div class=\"elementor-container elementor-column-gap-default\">\n\t\t\t\t\t<div class=\"elementor-column elementor-col-100 elementor-top-column elementor-element elementor-element-e03d179\" data-id=\"e03d179\" data-element_type=\"column\">\n\t\t\t<div class=\"elementor-widget-wrap elementor-element-populated\">\n\t\t\t\t\t\t<div class=\"elementor-element elementor-element-970df7f elementor-widget elementor-widget-heading\" data-id=\"970df7f\" data-element_type=\"widget\" data-widget_type=\"heading.default\">\n\t\t\t\t<div class=\"elementor-widget-container\">\n\t\t\t\t\t<h2 class=\"elementor-heading-title elementor-size-default\">Rehabilitaci\u00f3n integral de vivienda<\/h2>\t\t\t\t<\/div>\n\t\t\t\t<\/div>\n\t\t\t\t<div class=\"elementor-element elementor-element-cba4797 elementor-widget elementor-widget-text-editor\" data-id=\"cba4797\" data-element_type=\"widget\" data-widget_type=\"text-editor.default\">\n\t\t\t\t<div class=\"elementor-widget-container\">\n\t\t\t\t\t\t\t\t\t<p><span style=\"font-weight: 400\">Se trata de una casa de cuerpo muy antigua y sencilla en la que s\u00f3lo se pudo mantener las fachadas, el primer forjado y la escalera interior.<\/span><\/p><p><span style=\"font-weight: 400\">  Siguiendo criterios de bioconstrucci\u00f3n y eficiencia energ\u00e9tica, la casa se convirti\u00f3 en un hogar con mucho encanto donde la familia puede estar bien a gusto<\/span><\/p>\t\t\t\t\t\t\t\t<\/div>\n\t\t\t\t<\/div>\n\t\t\t\t<div class=\"elementor-element elementor-element-0e8c4ea elementor-widget-divider--view-line elementor-widget elementor-widget-divider\" data-id=\"0e8c4ea\" data-element_type=\"widget\" data-widget_type=\"divider.default\">\n\t\t\t\t<div class=\"elementor-widget-container\">\n\t\t\t\t\t\t\t<div class=\"elementor-divider\">\n\t\t\t<span class=\"elementor-divider-separator\">\n\t\t\t\t\t\t<\/span>\n\t\t<\/div>\n\t\t\t\t\t\t<\/div>\n\t\t\t\t<\/div>\n\t\t\t\t<div class=\"elementor-element elementor-element-a16e82c gallery-spacing-custom elementor-widget elementor-widget-image-gallery\" data-id=\"a16e82c\" data-element_type=\"widget\" data-widget_type=\"image-gallery.default\">\n\t\t\t\t<div class=\"elementor-widget-container\">\n\t\t\t\t\t\t\t<div class=\"elementor-image-gallery\">\n\t\t\t<div id='gallery-1' class='gallery galleryid-3246 gallery-columns-2 gallery-size-full'><figure class='gallery-item'>\n\t\t\t<div class='gallery-icon landscape'>\n\t\t\t\t<a data-elementor-open-lightbox=\"yes\" data-elementor-lightbox-slideshow=\"a16e82c\" data-elementor-lightbox-title=\"181228 Casa carrer Sant Ramon 109 Vilassar de Mar\" data-e-action-hash=\"#elementor-action%3Aaction%3Dlightbox%26settings%3DeyJpZCI6MjQ4NCwidXJsIjoiaHR0cHM6XC9cL2VzdGhlcnB1bnNvbGEuY29tXC93cC1jb250ZW50XC91cGxvYWRzXC8yMDI0XC8wNVwvU3QtUmFtb24tMTA5LTIuanBnIiwic2xpZGVzaG93IjoiYTE2ZTgyYyJ9\" href='https:\/\/estherpunsola.com\/wp-content\/uploads\/2024\/05\/St-Ramon-109-2.jpg'><img fetchpriority=\"high\" decoding=\"async\" width=\"1200\" height=\"800\" src=\"https:\/\/estherpunsola.com\/wp-content\/uploads\/2024\/05\/St-Ramon-109-2.jpg\" class=\"attachment-full size-full\" alt=\"\" aria-describedby=\"gallery-1-2484\" srcset=\"https:\/\/estherpunsola.com\/wp-content\/uploads\/2024\/05\/St-Ramon-109-2.jpg 1200w, https:\/\/estherpunsola.com\/wp-content\/uploads\/2024\/05\/St-Ramon-109-2-300x200.jpg 300w, https:\/\/estherpunsola.com\/wp-content\/uploads\/2024\/05\/St-Ramon-109-2-1024x683.jpg 1024w, https:\/\/estherpunsola.com\/wp-content\/uploads\/2024\/05\/St-Ramon-109-2-768x512.jpg 768w\" sizes=\"(max-width: 1200px) 100vw, 1200px\" \/><\/a>\n\t\t\t<\/div>\n\t\t\t\t<figcaption class='wp-caption-text gallery-caption' id='gallery-1-2484'>\n\t\t\t\t181228 Casa carrer Sant Ramon 109 Vilassar de Mar\n\t\t\t\t<\/figcaption><\/figure><figure class='gallery-item'>\n\t\t\t<div class='gallery-icon landscape'>\n\t\t\t\t<a data-elementor-open-lightbox=\"yes\" data-elementor-lightbox-slideshow=\"a16e82c\" data-elementor-lightbox-title=\"181228 Casa carrer Sant Ramon 109 Vilassar de Mar\" data-e-action-hash=\"#elementor-action%3Aaction%3Dlightbox%26settings%3DeyJpZCI6MjQ2NywidXJsIjoiaHR0cHM6XC9cL2VzdGhlcnB1bnNvbGEuY29tXC93cC1jb250ZW50XC91cGxvYWRzXC8yMDI0XC8wNVwvU3QtUmFtb24tMTA5LTQuanBnIiwic2xpZGVzaG93IjoiYTE2ZTgyYyJ9\" href='https:\/\/estherpunsola.com\/wp-content\/uploads\/2024\/05\/St-Ramon-109-4.jpg'><img decoding=\"async\" width=\"1200\" height=\"800\" src=\"https:\/\/estherpunsola.com\/wp-content\/uploads\/2024\/05\/St-Ramon-109-4.jpg\" class=\"attachment-full size-full\" alt=\"\" aria-describedby=\"gallery-1-2467\" srcset=\"https:\/\/estherpunsola.com\/wp-content\/uploads\/2024\/05\/St-Ramon-109-4.jpg 1200w, https:\/\/estherpunsola.com\/wp-content\/uploads\/2024\/05\/St-Ramon-109-4-300x200.jpg 300w, https:\/\/estherpunsola.com\/wp-content\/uploads\/2024\/05\/St-Ramon-109-4-1024x683.jpg 1024w, https:\/\/estherpunsola.com\/wp-content\/uploads\/2024\/05\/St-Ramon-109-4-768x512.jpg 768w\" sizes=\"(max-width: 1200px) 100vw, 1200px\" \/><\/a>\n\t\t\t<\/div>\n\t\t\t\t<figcaption class='wp-caption-text gallery-caption' id='gallery-1-2467'>\n\t\t\t\t181228 Casa carrer Sant Ramon 109 Vilassar de Mar\n\t\t\t\t<\/figcaption><\/figure><figure class='gallery-item'>\n\t\t\t<div class='gallery-icon portrait'>\n\t\t\t\t<a data-elementor-open-lightbox=\"yes\" data-elementor-lightbox-slideshow=\"a16e82c\" data-elementor-lightbox-title=\"181228 Casa carrer Sant Ramon 109 Vilassar de Mar\" data-e-action-hash=\"#elementor-action%3Aaction%3Dlightbox%26settings%3DeyJpZCI6MjQ4MiwidXJsIjoiaHR0cHM6XC9cL2VzdGhlcnB1bnNvbGEuY29tXC93cC1jb250ZW50XC91cGxvYWRzXC8yMDI0XC8wNVwvU3QtUmFtb24tMTA5LTEuanBnIiwic2xpZGVzaG93IjoiYTE2ZTgyYyJ9\" href='https:\/\/estherpunsola.com\/wp-content\/uploads\/2024\/05\/St-Ramon-109-1.jpg'><img decoding=\"async\" width=\"800\" height=\"1200\" src=\"https:\/\/estherpunsola.com\/wp-content\/uploads\/2024\/05\/St-Ramon-109-1.jpg\" class=\"attachment-full size-full\" alt=\"\" aria-describedby=\"gallery-1-2482\" srcset=\"https:\/\/estherpunsola.com\/wp-content\/uploads\/2024\/05\/St-Ramon-109-1.jpg 800w, https:\/\/estherpunsola.com\/wp-content\/uploads\/2024\/05\/St-Ramon-109-1-200x300.jpg 200w, https:\/\/estherpunsola.com\/wp-content\/uploads\/2024\/05\/St-Ramon-109-1-683x1024.jpg 683w, https:\/\/estherpunsola.com\/wp-content\/uploads\/2024\/05\/St-Ramon-109-1-768x1152.jpg 768w\" sizes=\"(max-width: 800px) 100vw, 800px\" \/><\/a>\n\t\t\t<\/div>\n\t\t\t\t<figcaption class='wp-caption-text gallery-caption' id='gallery-1-2482'>\n\t\t\t\t181228 Casa carrer Sant Ramon 109 Vilassar de Mar\n\t\t\t\t<\/figcaption><\/figure><figure class='gallery-item'>\n\t\t\t<div class='gallery-icon portrait'>\n\t\t\t\t<a data-elementor-open-lightbox=\"yes\" data-elementor-lightbox-slideshow=\"a16e82c\" data-elementor-lightbox-title=\"181228 Casa carrer Sant Ramon 109 Vilassar de Mar\" data-e-action-hash=\"#elementor-action%3Aaction%3Dlightbox%26settings%3DeyJpZCI6MjQ4MywidXJsIjoiaHR0cHM6XC9cL2VzdGhlcnB1bnNvbGEuY29tXC93cC1jb250ZW50XC91cGxvYWRzXC8yMDI0XC8wNVwvU3QtUmFtb24tMTA5LTMuanBnIiwic2xpZGVzaG93IjoiYTE2ZTgyYyJ9\" href='https:\/\/estherpunsola.com\/wp-content\/uploads\/2024\/05\/St-Ramon-109-3.jpg'><img loading=\"lazy\" decoding=\"async\" width=\"800\" height=\"1200\" src=\"https:\/\/estherpunsola.com\/wp-content\/uploads\/2024\/05\/St-Ramon-109-3.jpg\" class=\"attachment-full size-full\" alt=\"\" aria-describedby=\"gallery-1-2483\" srcset=\"https:\/\/estherpunsola.com\/wp-content\/uploads\/2024\/05\/St-Ramon-109-3.jpg 800w, https:\/\/estherpunsola.com\/wp-content\/uploads\/2024\/05\/St-Ramon-109-3-200x300.jpg 200w, https:\/\/estherpunsola.com\/wp-content\/uploads\/2024\/05\/St-Ramon-109-3-683x1024.jpg 683w, https:\/\/estherpunsola.com\/wp-content\/uploads\/2024\/05\/St-Ramon-109-3-768x1152.jpg 768w\" sizes=\"(max-width: 800px) 100vw, 800px\" \/><\/a>\n\t\t\t<\/div>\n\t\t\t\t<figcaption class='wp-caption-text gallery-caption' id='gallery-1-2483'>\n\t\t\t\t181228 Casa carrer Sant Ramon 109 Vilassar de Mar\n\t\t\t\t<\/figcaption><\/figure>\n\t\t<\/div>\n\t\t<\/div>\n\t\t\t\t\t\t<\/div>\n\t\t\t\t<\/div>\n\t\t\t\t\t<\/div>\n\t\t<\/div>\n\t\t\t\t\t<\/div>\n\t\t<\/section>\n\t\t\t\t<\/div>\n\t\t","protected":false},"excerpt":{"rendered":"<p>Rehabilitaci\u00f3n integral de vivienda Se trata de una casa de cuerpo muy antigua y sencilla en la que s\u00f3lo se pudo mantener las fachadas, el primer forjado y la escalera interior. Siguiendo criterios de bioconstrucci\u00f3n y eficiencia energ\u00e9tica, la casa se convirti\u00f3 en un hogar con mucho encanto donde la familia puede estar bien a [&hellip;]<\/p>\n","protected":false},"author":4,"featured_media":0,"parent":0,"menu_order":0,"comment_status":"closed","ping_status":"closed","template":"","meta":{"site-sidebar-layout":"no-sidebar","site-content-layout":"page-builder","ast-site-content-layout":"full-width-container","site-content-style":"default","site-sidebar-style":"default","ast-global-header-display":"","ast-banner-title-visibility":"","ast-main-header-display":"","ast-hfb-above-header-display":"","ast-hfb-below-header-display":"","ast-hfb-mobile-header-display":"","site-post-title":"disabled","ast-breadcrumbs-content":"","ast-featured-img":"disabled","footer-sml-layout":"","theme-transparent-header-meta":"","adv-header-id-meta":"","stick-header-meta":"","header-above-stick-meta":"","header-main-stick-meta":"","header-below-stick-meta":"","astra-migrate-meta-layouts":"default","ast-page-background-enabled":"default","ast-page-background-meta":{"desktop":{"background-color":"var(--ast-global-color-4)","background-image":"","background-repeat":"repeat","background-position":"center center","background-size":"auto","background-attachment":"scroll","background-type":"","background-media":"","overlay-type":"","overlay-color":"","overlay-opacity":"","overlay-gradient":""},"tablet":{"background-color":"","background-image":"","background-repeat":"repeat","background-position":"center center","background-size":"auto","background-attachment":"scroll","background-type":"","background-media":"","overlay-type":"","overlay-color":"","overlay-opacity":"","overlay-gradient":""},"mobile":{"background-color":"","background-image":"","background-repeat":"repeat","background-position":"center center","background-size":"auto","background-attachment":"scroll","background-type":"","background-media":"","overlay-type":"","overlay-color":"","overlay-opacity":"","overlay-gradient":""}},"ast-content-background-meta":{"desktop":{"background-color":"var(--ast-global-color-5)","background-image":"","background-repeat":"repeat","background-position":"center center","background-size":"auto","background-attachment":"scroll","background-type":"","background-media":"","overlay-type":"","overlay-color":"","overlay-opacity":"","overlay-gradient":""},"tablet":{"background-color":"var(--ast-global-color-5)","background-image":"","background-repeat":"repeat","background-position":"center center","background-size":"auto","background-attachment":"scroll","background-type":"","background-media":"","overlay-type":"","overlay-color":"","overlay-opacity":"","overlay-gradient":""},"mobile":{"background-color":"var(--ast-global-color-5)","background-image":"","background-repeat":"repeat","background-position":"center center","background-size":"auto","background-attachment":"scroll","background-type":"","background-media":"","overlay-type":"","overlay-color":"","overlay-opacity":"","overlay-gradient":""}},"footnotes":""},"class_list":["post-3246","page","type-page","status-publish","hentry"],"yoast_head":"<!-- This site is optimized with the Yoast SEO plugin v26.3 - https:\/\/yoast.com\/wordpress\/plugins\/seo\/ -->\n<title>Rehabilitaci\u00f3n integral St Ram\u00f3n - Esther Punsola Arquitecta<\/title>\n<meta name=\"robots\" content=\"index, follow, max-snippet:-1, max-image-preview:large, max-video-preview:-1\" \/>\n<link rel=\"canonical\" href=\"https:\/\/estherpunsola.com\/es\/rehabilitacion-integral-st-ramon\/\" \/>\n<meta property=\"og:locale\" content=\"es_ES\" \/>\n<meta property=\"og:type\" content=\"article\" \/>\n<meta property=\"og:title\" content=\"Rehabilitaci\u00f3n integral St Ram\u00f3n - Esther Punsola Arquitecta\" \/>\n<meta property=\"og:description\" content=\"Rehabilitaci\u00f3n integral de vivienda Se trata de una casa de cuerpo muy antigua y sencilla en la que s\u00f3lo se pudo mantener las fachadas, el primer forjado y la escalera interior. Siguiendo criterios de bioconstrucci\u00f3n y eficiencia energ\u00e9tica, la casa se convirti\u00f3 en un hogar con mucho encanto donde la familia puede estar bien a [&hellip;]\" \/>\n<meta property=\"og:url\" content=\"https:\/\/estherpunsola.com\/es\/rehabilitacion-integral-st-ramon\/\" \/>\n<meta property=\"og:site_name\" content=\"Esther Punsola Arquitecta\" \/>\n<meta property=\"article:modified_time\" content=\"2025-05-05T13:41:09+00:00\" \/>\n<meta property=\"og:image\" content=\"https:\/\/estherpunsola.com\/wp-content\/uploads\/2024\/05\/St-Ramon-109-2.jpg\" \/>\n<meta name=\"twitter:card\" content=\"summary_large_image\" \/>\n<script type=\"application\/ld+json\" class=\"yoast-schema-graph\">{\"@context\":\"https:\/\/schema.org\",\"@graph\":[{\"@type\":\"WebPage\",\"@id\":\"https:\/\/estherpunsola.com\/es\/rehabilitacion-integral-st-ramon\/\",\"url\":\"https:\/\/estherpunsola.com\/es\/rehabilitacion-integral-st-ramon\/\",\"name\":\"Rehabilitaci\u00f3n integral St Ram\u00f3n - Esther Punsola Arquitecta\",\"isPartOf\":{\"@id\":\"https:\/\/estherpunsola.com\/#website\"},\"primaryImageOfPage\":{\"@id\":\"https:\/\/estherpunsola.com\/es\/rehabilitacion-integral-st-ramon\/#primaryimage\"},\"image\":{\"@id\":\"https:\/\/estherpunsola.com\/es\/rehabilitacion-integral-st-ramon\/#primaryimage\"},\"thumbnailUrl\":\"https:\/\/estherpunsola.com\/wp-content\/uploads\/2024\/05\/St-Ramon-109-2.jpg\",\"datePublished\":\"2024-05-24T10:43:41+00:00\",\"dateModified\":\"2025-05-05T13:41:09+00:00\",\"breadcrumb\":{\"@id\":\"https:\/\/estherpunsola.com\/es\/rehabilitacion-integral-st-ramon\/#breadcrumb\"},\"inLanguage\":\"es\",\"potentialAction\":[{\"@type\":\"ReadAction\",\"target\":[\"https:\/\/estherpunsola.com\/es\/rehabilitacion-integral-st-ramon\/\"]}]},{\"@type\":\"ImageObject\",\"inLanguage\":\"es\",\"@id\":\"https:\/\/estherpunsola.com\/es\/rehabilitacion-integral-st-ramon\/#primaryimage\",\"url\":\"https:\/\/estherpunsola.com\/wp-content\/uploads\/2024\/05\/St-Ramon-109-2.jpg\",\"contentUrl\":\"https:\/\/estherpunsola.com\/wp-content\/uploads\/2024\/05\/St-Ramon-109-2.jpg\"},{\"@type\":\"BreadcrumbList\",\"@id\":\"https:\/\/estherpunsola.com\/es\/rehabilitacion-integral-st-ramon\/#breadcrumb\",\"itemListElement\":[{\"@type\":\"ListItem\",\"position\":1,\"name\":\"Portada\",\"item\":\"https:\/\/estherpunsola.com\/es\/arquitectura-interiorismo-y-reformas-maresme\/\"},{\"@type\":\"ListItem\",\"position\":2,\"name\":\"Rehabilitaci\u00f3n integral St Ram\u00f3n\"}]},{\"@type\":\"WebSite\",\"@id\":\"https:\/\/estherpunsola.com\/#website\",\"url\":\"https:\/\/estherpunsola.com\/\",\"name\":\"Esther Punsola Arquitecta\",\"description\":\"\",\"publisher\":{\"@id\":\"https:\/\/estherpunsola.com\/#organization\"},\"potentialAction\":[{\"@type\":\"SearchAction\",\"target\":{\"@type\":\"EntryPoint\",\"urlTemplate\":\"https:\/\/estherpunsola.com\/?s={search_term_string}\"},\"query-input\":{\"@type\":\"PropertyValueSpecification\",\"valueRequired\":true,\"valueName\":\"search_term_string\"}}],\"inLanguage\":\"es\"},{\"@type\":\"Organization\",\"@id\":\"https:\/\/estherpunsola.com\/#organization\",\"name\":\"Esther Punsola Arquitecta\",\"url\":\"https:\/\/estherpunsola.com\/\",\"logo\":{\"@type\":\"ImageObject\",\"inLanguage\":\"es\",\"@id\":\"https:\/\/estherpunsola.com\/#\/schema\/logo\/image\/\",\"url\":\"https:\/\/estherpunsola.com\/wp-content\/uploads\/2024\/03\/logonegre-removebg-preview.png\",\"contentUrl\":\"https:\/\/estherpunsola.com\/wp-content\/uploads\/2024\/03\/logonegre-removebg-preview.png\",\"width\":400,\"height\":135,\"caption\":\"Esther Punsola Arquitecta\"},\"image\":{\"@id\":\"https:\/\/estherpunsola.com\/#\/schema\/logo\/image\/\"}}]}<\/script>\n<!-- \/ Yoast SEO plugin. -->","yoast_head_json":{"title":"Rehabilitaci\u00f3n integral St Ram\u00f3n - Esther Punsola Arquitecta","robots":{"index":"index","follow":"follow","max-snippet":"max-snippet:-1","max-image-preview":"max-image-preview:large","max-video-preview":"max-video-preview:-1"},"canonical":"https:\/\/estherpunsola.com\/es\/rehabilitacion-integral-st-ramon\/","og_locale":"es_ES","og_type":"article","og_title":"Rehabilitaci\u00f3n integral St Ram\u00f3n - Esther Punsola Arquitecta","og_description":"Rehabilitaci\u00f3n integral de vivienda Se trata de una casa de cuerpo muy antigua y sencilla en la que s\u00f3lo se pudo mantener las fachadas, el primer forjado y la escalera interior. Siguiendo criterios de bioconstrucci\u00f3n y eficiencia energ\u00e9tica, la casa se convirti\u00f3 en un hogar con mucho encanto donde la familia puede estar bien a [&hellip;]","og_url":"https:\/\/estherpunsola.com\/es\/rehabilitacion-integral-st-ramon\/","og_site_name":"Esther Punsola Arquitecta","article_modified_time":"2025-05-05T13:41:09+00:00","og_image":[{"url":"https:\/\/estherpunsola.com\/wp-content\/uploads\/2024\/05\/St-Ramon-109-2.jpg","type":"","width":"","height":""}],"twitter_card":"summary_large_image","schema":{"@context":"https:\/\/schema.org","@graph":[{"@type":"WebPage","@id":"https:\/\/estherpunsola.com\/es\/rehabilitacion-integral-st-ramon\/","url":"https:\/\/estherpunsola.com\/es\/rehabilitacion-integral-st-ramon\/","name":"Rehabilitaci\u00f3n integral St Ram\u00f3n - Esther Punsola Arquitecta","isPartOf":{"@id":"https:\/\/estherpunsola.com\/#website"},"primaryImageOfPage":{"@id":"https:\/\/estherpunsola.com\/es\/rehabilitacion-integral-st-ramon\/#primaryimage"},"image":{"@id":"https:\/\/estherpunsola.com\/es\/rehabilitacion-integral-st-ramon\/#primaryimage"},"thumbnailUrl":"https:\/\/estherpunsola.com\/wp-content\/uploads\/2024\/05\/St-Ramon-109-2.jpg","datePublished":"2024-05-24T10:43:41+00:00","dateModified":"2025-05-05T13:41:09+00:00","breadcrumb":{"@id":"https:\/\/estherpunsola.com\/es\/rehabilitacion-integral-st-ramon\/#breadcrumb"},"inLanguage":"es","potentialAction":[{"@type":"ReadAction","target":["https:\/\/estherpunsola.com\/es\/rehabilitacion-integral-st-ramon\/"]}]},{"@type":"ImageObject","inLanguage":"es","@id":"https:\/\/estherpunsola.com\/es\/rehabilitacion-integral-st-ramon\/#primaryimage","url":"https:\/\/estherpunsola.com\/wp-content\/uploads\/2024\/05\/St-Ramon-109-2.jpg","contentUrl":"https:\/\/estherpunsola.com\/wp-content\/uploads\/2024\/05\/St-Ramon-109-2.jpg"},{"@type":"BreadcrumbList","@id":"https:\/\/estherpunsola.com\/es\/rehabilitacion-integral-st-ramon\/#breadcrumb","itemListElement":[{"@type":"ListItem","position":1,"name":"Portada","item":"https:\/\/estherpunsola.com\/es\/arquitectura-interiorismo-y-reformas-maresme\/"},{"@type":"ListItem","position":2,"name":"Rehabilitaci\u00f3n integral St Ram\u00f3n"}]},{"@type":"WebSite","@id":"https:\/\/estherpunsola.com\/#website","url":"https:\/\/estherpunsola.com\/","name":"Esther Punsola Arquitecta","description":"","publisher":{"@id":"https:\/\/estherpunsola.com\/#organization"},"potentialAction":[{"@type":"SearchAction","target":{"@type":"EntryPoint","urlTemplate":"https:\/\/estherpunsola.com\/?s={search_term_string}"},"query-input":{"@type":"PropertyValueSpecification","valueRequired":true,"valueName":"search_term_string"}}],"inLanguage":"es"},{"@type":"Organization","@id":"https:\/\/estherpunsola.com\/#organization","name":"Esther Punsola Arquitecta","url":"https:\/\/estherpunsola.com\/","logo":{"@type":"ImageObject","inLanguage":"es","@id":"https:\/\/estherpunsola.com\/#\/schema\/logo\/image\/","url":"https:\/\/estherpunsola.com\/wp-content\/uploads\/2024\/03\/logonegre-removebg-preview.png","contentUrl":"https:\/\/estherpunsola.com\/wp-content\/uploads\/2024\/03\/logonegre-removebg-preview.png","width":400,"height":135,"caption":"Esther Punsola Arquitecta"},"image":{"@id":"https:\/\/estherpunsola.com\/#\/schema\/logo\/image\/"}}]}},"_links":{"self":[{"href":"https:\/\/estherpunsola.com\/es\/wp-json\/wp\/v2\/pages\/3246","targetHints":{"allow":["GET"]}}],"collection":[{"href":"https:\/\/estherpunsola.com\/es\/wp-json\/wp\/v2\/pages"}],"about":[{"href":"https:\/\/estherpunsola.com\/es\/wp-json\/wp\/v2\/types\/page"}],"author":[{"embeddable":true,"href":"https:\/\/estherpunsola.com\/es\/wp-json\/wp\/v2\/users\/4"}],"replies":[{"embeddable":true,"href":"https:\/\/estherpunsola.com\/es\/wp-json\/wp\/v2\/comments?post=3246"}],"version-history":[{"count":2,"href":"https:\/\/estherpunsola.com\/es\/wp-json\/wp\/v2\/pages\/3246\/revisions"}],"predecessor-version":[{"id":3248,"href":"https:\/\/estherpunsola.com\/es\/wp-json\/wp\/v2\/pages\/3246\/revisions\/3248"}],"wp:attachment":[{"href":"https:\/\/estherpunsola.com\/es\/wp-json\/wp\/v2\/media?parent=3246"}],"curies":[{"name":"wp","href":"https:\/\/api.w.org\/{rel}","templated":true}]}}