{"id":3254,"date":"2024-05-24T13:11:48","date_gmt":"2024-05-24T11:11:48","guid":{"rendered":"https:\/\/estherpunsola.com\/rehabilitacion-torrelles\/"},"modified":"2025-05-05T15:42:01","modified_gmt":"2025-05-05T13:42:01","slug":"rehabilitacion-torrelles","status":"publish","type":"page","link":"https:\/\/estherpunsola.com\/es\/rehabilitacion-torrelles\/","title":{"rendered":"Rehabilitaci\u00f3n Torrelles"},"content":{"rendered":"\t\t<div data-elementor-type=\"wp-page\" data-elementor-id=\"3254\" class=\"elementor elementor-3254 elementor-2508\" data-elementor-post-type=\"page\">\n\t\t\t\t\t\t<section class=\"elementor-section elementor-top-section elementor-element elementor-element-49d4752 elementor-section-boxed elementor-section-height-default elementor-section-height-default\" data-id=\"49d4752\" data-element_type=\"section\" data-settings=\"{&quot;background_background&quot;:&quot;classic&quot;}\">\n\t\t\t\t\t\t<div class=\"elementor-container elementor-column-gap-default\">\n\t\t\t\t\t<div class=\"elementor-column elementor-col-100 elementor-top-column elementor-element elementor-element-59ceccf\" data-id=\"59ceccf\" data-element_type=\"column\">\n\t\t\t<div class=\"elementor-widget-wrap elementor-element-populated\">\n\t\t\t\t\t\t<div class=\"elementor-element elementor-element-94cc130 elementor-widget elementor-widget-heading\" data-id=\"94cc130\" data-element_type=\"widget\" data-widget_type=\"heading.default\">\n\t\t\t\t<div class=\"elementor-widget-container\">\n\t\t\t\t\t<h2 class=\"elementor-heading-title elementor-size-default\">Rehabilitaci\u00f3n de vivienda<\/h2>\t\t\t\t<\/div>\n\t\t\t\t<\/div>\n\t\t\t\t<div class=\"elementor-element elementor-element-ec98564 elementor-widget elementor-widget-text-editor\" data-id=\"ec98564\" data-element_type=\"widget\" data-widget_type=\"text-editor.default\">\n\t\t\t\t<div class=\"elementor-widget-container\">\n\t\t\t\t\t\t\t\t\t<p><span style=\"font-weight: 400\">Rehabilitaci\u00f3n de vivienda entre medianeras basada en criterios de bioarquitectura, obteniendo un proyecto con un dise\u00f1o bioclim\u00e1tico, saludable y eficiente. La combinaci\u00f3n de materiales naturales, recuperaci\u00f3n de elementos antiguos preexistentes, uso de sistemas tradicionales de construcci\u00f3n y b\u00fasqueda de una est\u00e9tica sencilla, crea finalmente un hogar con mucha calidez y mucha luz, a la vez que modernizado y eficiente tanto a nivel energ\u00e9tico de la edificaci\u00f3n como de los sistemas de instalaciones utilizados.<\/span><\/p>\t\t\t\t\t\t\t\t<\/div>\n\t\t\t\t<\/div>\n\t\t\t\t<div class=\"elementor-element elementor-element-2e8328a elementor-widget-divider--view-line elementor-widget elementor-widget-divider\" data-id=\"2e8328a\" data-element_type=\"widget\" data-widget_type=\"divider.default\">\n\t\t\t\t<div class=\"elementor-widget-container\">\n\t\t\t\t\t\t\t<div class=\"elementor-divider\">\n\t\t\t<span class=\"elementor-divider-separator\">\n\t\t\t\t\t\t<\/span>\n\t\t<\/div>\n\t\t\t\t\t\t<\/div>\n\t\t\t\t<\/div>\n\t\t\t\t<div class=\"elementor-element elementor-element-df98be3 gallery-spacing-custom elementor-widget elementor-widget-image-gallery\" data-id=\"df98be3\" data-element_type=\"widget\" data-widget_type=\"image-gallery.default\">\n\t\t\t\t<div class=\"elementor-widget-container\">\n\t\t\t\t\t\t\t<div class=\"elementor-image-gallery\">\n\t\t\t<div id='gallery-1' class='gallery galleryid-3254 gallery-columns-3 gallery-size-full'><figure class='gallery-item'>\n\t\t\t<div class='gallery-icon portrait'>\n\t\t\t\t<a data-elementor-open-lightbox=\"yes\" data-elementor-lightbox-slideshow=\"df98be3\" data-elementor-lightbox-title=\"Torrelles 2\" data-e-action-hash=\"#elementor-action%3Aaction%3Dlightbox%26settings%3DeyJpZCI6MjU0NywidXJsIjoiaHR0cHM6XC9cL2VzdGhlcnB1bnNvbGEuY29tXC93cC1jb250ZW50XC91cGxvYWRzXC8yMDI0XC8wNVwvVG9ycmVsbGVzLTIuanBnIiwic2xpZGVzaG93IjoiZGY5OGJlMyJ9\" href='https:\/\/estherpunsola.com\/wp-content\/uploads\/2024\/05\/Torrelles-2.jpg'><img fetchpriority=\"high\" decoding=\"async\" width=\"824\" height=\"1200\" src=\"https:\/\/estherpunsola.com\/wp-content\/uploads\/2024\/05\/Torrelles-2.jpg\" class=\"attachment-full size-full\" alt=\"\" srcset=\"https:\/\/estherpunsola.com\/wp-content\/uploads\/2024\/05\/Torrelles-2.jpg 824w, https:\/\/estherpunsola.com\/wp-content\/uploads\/2024\/05\/Torrelles-2-206x300.jpg 206w, https:\/\/estherpunsola.com\/wp-content\/uploads\/2024\/05\/Torrelles-2-703x1024.jpg 703w, https:\/\/estherpunsola.com\/wp-content\/uploads\/2024\/05\/Torrelles-2-768x1118.jpg 768w\" sizes=\"(max-width: 824px) 100vw, 824px\" \/><\/a>\n\t\t\t<\/div><\/figure><figure class='gallery-item'>\n\t\t\t<div class='gallery-icon portrait'>\n\t\t\t\t<a data-elementor-open-lightbox=\"yes\" data-elementor-lightbox-slideshow=\"df98be3\" data-elementor-lightbox-title=\"Torrelles 7\" data-e-action-hash=\"#elementor-action%3Aaction%3Dlightbox%26settings%3DeyJpZCI6MjU0MiwidXJsIjoiaHR0cHM6XC9cL2VzdGhlcnB1bnNvbGEuY29tXC93cC1jb250ZW50XC91cGxvYWRzXC8yMDI0XC8wNVwvVG9ycmVsbGVzLTctZTE3MTY1NTA3Mjg4NzcuanBnIiwic2xpZGVzaG93IjoiZGY5OGJlMyJ9\" href='https:\/\/estherpunsola.com\/wp-content\/uploads\/2024\/05\/Torrelles-7-e1716550728877.jpg'><img decoding=\"async\" width=\"1437\" height=\"2079\" src=\"https:\/\/estherpunsola.com\/wp-content\/uploads\/2024\/05\/Torrelles-7-e1716550728877.jpg\" class=\"attachment-full size-full\" alt=\"\" srcset=\"https:\/\/estherpunsola.com\/wp-content\/uploads\/2024\/05\/Torrelles-7-e1716550728877.jpg 1437w, https:\/\/estherpunsola.com\/wp-content\/uploads\/2024\/05\/Torrelles-7-e1716550728877-207x300.jpg 207w, https:\/\/estherpunsola.com\/wp-content\/uploads\/2024\/05\/Torrelles-7-e1716550728877-708x1024.jpg 708w, https:\/\/estherpunsola.com\/wp-content\/uploads\/2024\/05\/Torrelles-7-e1716550728877-768x1111.jpg 768w, https:\/\/estherpunsola.com\/wp-content\/uploads\/2024\/05\/Torrelles-7-e1716550728877-1062x1536.jpg 1062w, https:\/\/estherpunsola.com\/wp-content\/uploads\/2024\/05\/Torrelles-7-e1716550728877-1416x2048.jpg 1416w\" sizes=\"(max-width: 1437px) 100vw, 1437px\" \/><\/a>\n\t\t\t<\/div><\/figure><figure class='gallery-item'>\n\t\t\t<div class='gallery-icon portrait'>\n\t\t\t\t<a data-elementor-open-lightbox=\"yes\" data-elementor-lightbox-slideshow=\"df98be3\" data-elementor-lightbox-title=\"Torrelles 6\" data-e-action-hash=\"#elementor-action%3Aaction%3Dlightbox%26settings%3DeyJpZCI6MjU0MywidXJsIjoiaHR0cHM6XC9cL2VzdGhlcnB1bnNvbGEuY29tXC93cC1jb250ZW50XC91cGxvYWRzXC8yMDI0XC8wNVwvVG9ycmVsbGVzLTYtZTE3MTY1NTA4NjUzNDUuanBnIiwic2xpZGVzaG93IjoiZGY5OGJlMyJ9\" href='https:\/\/estherpunsola.com\/wp-content\/uploads\/2024\/05\/Torrelles-6-e1716550865345.jpg'><img decoding=\"async\" width=\"1437\" height=\"2088\" src=\"https:\/\/estherpunsola.com\/wp-content\/uploads\/2024\/05\/Torrelles-6-e1716550865345.jpg\" class=\"attachment-full size-full\" alt=\"\" srcset=\"https:\/\/estherpunsola.com\/wp-content\/uploads\/2024\/05\/Torrelles-6-e1716550865345.jpg 1437w, https:\/\/estherpunsola.com\/wp-content\/uploads\/2024\/05\/Torrelles-6-e1716550865345-206x300.jpg 206w, https:\/\/estherpunsola.com\/wp-content\/uploads\/2024\/05\/Torrelles-6-e1716550865345-705x1024.jpg 705w, https:\/\/estherpunsola.com\/wp-content\/uploads\/2024\/05\/Torrelles-6-e1716550865345-768x1116.jpg 768w, https:\/\/estherpunsola.com\/wp-content\/uploads\/2024\/05\/Torrelles-6-e1716550865345-1057x1536.jpg 1057w, https:\/\/estherpunsola.com\/wp-content\/uploads\/2024\/05\/Torrelles-6-e1716550865345-1409x2048.jpg 1409w\" sizes=\"(max-width: 1437px) 100vw, 1437px\" \/><\/a>\n\t\t\t<\/div><\/figure>\n\t\t<\/div>\n\t\t<\/div>\n\t\t\t\t\t\t<\/div>\n\t\t\t\t<\/div>\n\t\t\t\t\t<\/div>\n\t\t<\/div>\n\t\t\t\t\t<\/div>\n\t\t<\/section>\n\t\t<div class=\"elementor-element elementor-element-2bdb27e e-flex e-con-boxed e-con e-parent\" data-id=\"2bdb27e\" data-element_type=\"container\">\n\t\t\t\t\t<div class=\"e-con-inner\">\n\t\t<div class=\"elementor-element elementor-element-e86555f e-con-full e-flex e-con e-parent\" data-id=\"e86555f\" data-element_type=\"container\">\n\t\t\t\t<div class=\"elementor-element elementor-element-fa4c770 elementor-widget__width-initial elementor-widget elementor-widget-image\" data-id=\"fa4c770\" data-element_type=\"widget\" data-widget_type=\"image.default\">\n\t\t\t\t<div class=\"elementor-widget-container\">\n\t\t\t\t\t\t\t\t\t\t\t\t\t\t\t<img loading=\"lazy\" decoding=\"async\" width=\"621\" height=\"1024\" src=\"https:\/\/estherpunsola.com\/wp-content\/uploads\/2024\/05\/Torrelles-4-1-621x1024.jpg\" class=\"attachment-large size-large wp-image-2545\" alt=\"\" srcset=\"https:\/\/estherpunsola.com\/wp-content\/uploads\/2024\/05\/Torrelles-4-1-621x1024.jpg 621w, https:\/\/estherpunsola.com\/wp-content\/uploads\/2024\/05\/Torrelles-4-1-182x300.jpg 182w, https:\/\/estherpunsola.com\/wp-content\/uploads\/2024\/05\/Torrelles-4-1.jpg 728w\" sizes=\"(max-width: 621px) 100vw, 621px\" \/>\t\t\t\t\t\t\t\t\t\t\t\t\t\t\t<\/div>\n\t\t\t\t<\/div>\n\t\t\t\t<\/div>\n\t\t<div class=\"elementor-element elementor-element-f1fd675 e-con-full e-flex e-con e-parent\" data-id=\"f1fd675\" data-element_type=\"container\">\n\t\t<div class=\"elementor-element elementor-element-44753b0 e-flex e-con-boxed e-con e-parent\" data-id=\"44753b0\" data-element_type=\"container\">\n\t\t\t\t\t<div class=\"e-con-inner\">\n\t\t\t\t<div class=\"elementor-element elementor-element-fe9c1ff elementor-widget__width-initial elementor-widget elementor-widget-image\" data-id=\"fe9c1ff\" data-element_type=\"widget\" data-widget_type=\"image.default\">\n\t\t\t\t<div class=\"elementor-widget-container\">\n\t\t\t\t\t\t\t\t\t\t\t\t\t\t\t<img loading=\"lazy\" decoding=\"async\" width=\"1024\" height=\"684\" src=\"https:\/\/estherpunsola.com\/wp-content\/uploads\/2024\/05\/Torrelles-3-e1716550513743-1024x684.jpg\" class=\"attachment-large size-large wp-image-2546\" alt=\"\" srcset=\"https:\/\/estherpunsola.com\/wp-content\/uploads\/2024\/05\/Torrelles-3-e1716550513743-1024x684.jpg 1024w, https:\/\/estherpunsola.com\/wp-content\/uploads\/2024\/05\/Torrelles-3-e1716550513743-300x201.jpg 300w, https:\/\/estherpunsola.com\/wp-content\/uploads\/2024\/05\/Torrelles-3-e1716550513743-768x513.jpg 768w, https:\/\/estherpunsola.com\/wp-content\/uploads\/2024\/05\/Torrelles-3-e1716550513743.jpg 1200w\" sizes=\"(max-width: 1024px) 100vw, 1024px\" \/>\t\t\t\t\t\t\t\t\t\t\t\t\t\t\t<\/div>\n\t\t\t\t<\/div>\n\t\t\t\t\t<\/div>\n\t\t\t\t<\/div>\n\t\t<div class=\"elementor-element elementor-element-1969db5 e-flex e-con-boxed e-con e-parent\" data-id=\"1969db5\" data-element_type=\"container\">\n\t\t\t\t\t<div class=\"e-con-inner\">\n\t\t\t\t<div class=\"elementor-element elementor-element-1139214 elementor-widget elementor-widget-image\" data-id=\"1139214\" data-element_type=\"widget\" data-widget_type=\"image.default\">\n\t\t\t\t<div class=\"elementor-widget-container\">\n\t\t\t\t\t\t\t\t\t\t\t\t\t\t\t<img loading=\"lazy\" decoding=\"async\" width=\"1024\" height=\"576\" src=\"https:\/\/estherpunsola.com\/wp-content\/uploads\/2024\/05\/Torrelles-5-1024x576.jpg\" class=\"attachment-large size-large wp-image-2544\" alt=\"\" srcset=\"https:\/\/estherpunsola.com\/wp-content\/uploads\/2024\/05\/Torrelles-5-1024x576.jpg 1024w, https:\/\/estherpunsola.com\/wp-content\/uploads\/2024\/05\/Torrelles-5-300x169.jpg 300w, https:\/\/estherpunsola.com\/wp-content\/uploads\/2024\/05\/Torrelles-5-768x432.jpg 768w, https:\/\/estherpunsola.com\/wp-content\/uploads\/2024\/05\/Torrelles-5-1536x864.jpg 1536w, https:\/\/estherpunsola.com\/wp-content\/uploads\/2024\/05\/Torrelles-5-2048x1152.jpg 2048w, https:\/\/estherpunsola.com\/wp-content\/uploads\/2024\/05\/Torrelles-5-e1716550563779.jpg 1422w\" sizes=\"(max-width: 1024px) 100vw, 1024px\" \/>\t\t\t\t\t\t\t\t\t\t\t\t\t\t\t<\/div>\n\t\t\t\t<\/div>\n\t\t\t\t\t<\/div>\n\t\t\t\t<\/div>\n\t\t\t\t<\/div>\n\t\t\t\t\t<\/div>\n\t\t\t\t<\/div>\n\t\t\t\t<\/div>\n\t\t","protected":false},"excerpt":{"rendered":"<p>Rehabilitaci\u00f3n de vivienda Rehabilitaci\u00f3n de vivienda entre medianeras basada en criterios de bioarquitectura, obteniendo un proyecto con un dise\u00f1o bioclim\u00e1tico, saludable y eficiente. La combinaci\u00f3n de materiales naturales, recuperaci\u00f3n de elementos antiguos preexistentes, uso de sistemas tradicionales de construcci\u00f3n y b\u00fasqueda de una est\u00e9tica sencilla, crea finalmente un hogar con mucha calidez y mucha luz, [&hellip;]<\/p>\n","protected":false},"author":4,"featured_media":0,"parent":0,"menu_order":0,"comment_status":"closed","ping_status":"closed","template":"","meta":{"site-sidebar-layout":"no-sidebar","site-content-layout":"page-builder","ast-site-content-layout":"full-width-container","site-content-style":"default","site-sidebar-style":"default","ast-global-header-display":"","ast-banner-title-visibility":"","ast-main-header-display":"","ast-hfb-above-header-display":"","ast-hfb-below-header-display":"","ast-hfb-mobile-header-display":"","site-post-title":"disabled","ast-breadcrumbs-content":"","ast-featured-img":"disabled","footer-sml-layout":"","theme-transparent-header-meta":"","adv-header-id-meta":"","stick-header-meta":"","header-above-stick-meta":"","header-main-stick-meta":"","header-below-stick-meta":"","astra-migrate-meta-layouts":"default","ast-page-background-enabled":"default","ast-page-background-meta":{"desktop":{"background-color":"var(--ast-global-color-4)","background-image":"","background-repeat":"repeat","background-position":"center center","background-size":"auto","background-attachment":"scroll","background-type":"","background-media":"","overlay-type":"","overlay-color":"","overlay-opacity":"","overlay-gradient":""},"tablet":{"background-color":"","background-image":"","background-repeat":"repeat","background-position":"center center","background-size":"auto","background-attachment":"scroll","background-type":"","background-media":"","overlay-type":"","overlay-color":"","overlay-opacity":"","overlay-gradient":""},"mobile":{"background-color":"","background-image":"","background-repeat":"repeat","background-position":"center center","background-size":"auto","background-attachment":"scroll","background-type":"","background-media":"","overlay-type":"","overlay-color":"","overlay-opacity":"","overlay-gradient":""}},"ast-content-background-meta":{"desktop":{"background-color":"var(--ast-global-color-5)","background-image":"","background-repeat":"repeat","background-position":"center center","background-size":"auto","background-attachment":"scroll","background-type":"","background-media":"","overlay-type":"","overlay-color":"","overlay-opacity":"","overlay-gradient":""},"tablet":{"background-color":"var(--ast-global-color-5)","background-image":"","background-repeat":"repeat","background-position":"center center","background-size":"auto","background-attachment":"scroll","background-type":"","background-media":"","overlay-type":"","overlay-color":"","overlay-opacity":"","overlay-gradient":""},"mobile":{"background-color":"var(--ast-global-color-5)","background-image":"","background-repeat":"repeat","background-position":"center center","background-size":"auto","background-attachment":"scroll","background-type":"","background-media":"","overlay-type":"","overlay-color":"","overlay-opacity":"","overlay-gradient":""}},"footnotes":""},"class_list":["post-3254","page","type-page","status-publish","hentry"],"yoast_head":"<!-- This site is optimized with the Yoast SEO plugin v26.3 - https:\/\/yoast.com\/wordpress\/plugins\/seo\/ -->\n<title>Rehabilitaci\u00f3n Torrelles - Esther Punsola Arquitecta<\/title>\n<meta name=\"robots\" content=\"index, follow, max-snippet:-1, max-image-preview:large, max-video-preview:-1\" \/>\n<link rel=\"canonical\" href=\"https:\/\/estherpunsola.com\/es\/rehabilitacion-torrelles\/\" \/>\n<meta property=\"og:locale\" content=\"es_ES\" \/>\n<meta property=\"og:type\" content=\"article\" \/>\n<meta property=\"og:title\" content=\"Rehabilitaci\u00f3n Torrelles - Esther Punsola Arquitecta\" \/>\n<meta property=\"og:description\" content=\"Rehabilitaci\u00f3n de vivienda Rehabilitaci\u00f3n de vivienda entre medianeras basada en criterios de bioarquitectura, obteniendo un proyecto con un dise\u00f1o bioclim\u00e1tico, saludable y eficiente. La combinaci\u00f3n de materiales naturales, recuperaci\u00f3n de elementos antiguos preexistentes, uso de sistemas tradicionales de construcci\u00f3n y b\u00fasqueda de una est\u00e9tica sencilla, crea finalmente un hogar con mucha calidez y mucha luz, [&hellip;]\" \/>\n<meta property=\"og:url\" content=\"https:\/\/estherpunsola.com\/es\/rehabilitacion-torrelles\/\" \/>\n<meta property=\"og:site_name\" content=\"Esther Punsola Arquitecta\" \/>\n<meta property=\"article:modified_time\" content=\"2025-05-05T13:42:01+00:00\" \/>\n<meta property=\"og:image\" content=\"https:\/\/estherpunsola.com\/wp-content\/uploads\/2024\/05\/Torrelles-2.jpg\" \/>\n<meta name=\"twitter:card\" content=\"summary_large_image\" \/>\n<script type=\"application\/ld+json\" class=\"yoast-schema-graph\">{\"@context\":\"https:\/\/schema.org\",\"@graph\":[{\"@type\":\"WebPage\",\"@id\":\"https:\/\/estherpunsola.com\/es\/rehabilitacion-torrelles\/\",\"url\":\"https:\/\/estherpunsola.com\/es\/rehabilitacion-torrelles\/\",\"name\":\"Rehabilitaci\u00f3n Torrelles - Esther Punsola Arquitecta\",\"isPartOf\":{\"@id\":\"https:\/\/estherpunsola.com\/#website\"},\"primaryImageOfPage\":{\"@id\":\"https:\/\/estherpunsola.com\/es\/rehabilitacion-torrelles\/#primaryimage\"},\"image\":{\"@id\":\"https:\/\/estherpunsola.com\/es\/rehabilitacion-torrelles\/#primaryimage\"},\"thumbnailUrl\":\"https:\/\/estherpunsola.com\/wp-content\/uploads\/2024\/05\/Torrelles-2.jpg\",\"datePublished\":\"2024-05-24T11:11:48+00:00\",\"dateModified\":\"2025-05-05T13:42:01+00:00\",\"breadcrumb\":{\"@id\":\"https:\/\/estherpunsola.com\/es\/rehabilitacion-torrelles\/#breadcrumb\"},\"inLanguage\":\"es\",\"potentialAction\":[{\"@type\":\"ReadAction\",\"target\":[\"https:\/\/estherpunsola.com\/es\/rehabilitacion-torrelles\/\"]}]},{\"@type\":\"ImageObject\",\"inLanguage\":\"es\",\"@id\":\"https:\/\/estherpunsola.com\/es\/rehabilitacion-torrelles\/#primaryimage\",\"url\":\"https:\/\/estherpunsola.com\/wp-content\/uploads\/2024\/05\/Torrelles-2.jpg\",\"contentUrl\":\"https:\/\/estherpunsola.com\/wp-content\/uploads\/2024\/05\/Torrelles-2.jpg\"},{\"@type\":\"BreadcrumbList\",\"@id\":\"https:\/\/estherpunsola.com\/es\/rehabilitacion-torrelles\/#breadcrumb\",\"itemListElement\":[{\"@type\":\"ListItem\",\"position\":1,\"name\":\"Portada\",\"item\":\"https:\/\/estherpunsola.com\/es\/arquitectura-interiorismo-y-reformas-maresme\/\"},{\"@type\":\"ListItem\",\"position\":2,\"name\":\"Rehabilitaci\u00f3n Torrelles\"}]},{\"@type\":\"WebSite\",\"@id\":\"https:\/\/estherpunsola.com\/#website\",\"url\":\"https:\/\/estherpunsola.com\/\",\"name\":\"Esther Punsola Arquitecta\",\"description\":\"\",\"publisher\":{\"@id\":\"https:\/\/estherpunsola.com\/#organization\"},\"potentialAction\":[{\"@type\":\"SearchAction\",\"target\":{\"@type\":\"EntryPoint\",\"urlTemplate\":\"https:\/\/estherpunsola.com\/?s={search_term_string}\"},\"query-input\":{\"@type\":\"PropertyValueSpecification\",\"valueRequired\":true,\"valueName\":\"search_term_string\"}}],\"inLanguage\":\"es\"},{\"@type\":\"Organization\",\"@id\":\"https:\/\/estherpunsola.com\/#organization\",\"name\":\"Esther Punsola Arquitecta\",\"url\":\"https:\/\/estherpunsola.com\/\",\"logo\":{\"@type\":\"ImageObject\",\"inLanguage\":\"es\",\"@id\":\"https:\/\/estherpunsola.com\/#\/schema\/logo\/image\/\",\"url\":\"https:\/\/estherpunsola.com\/wp-content\/uploads\/2024\/03\/logonegre-removebg-preview.png\",\"contentUrl\":\"https:\/\/estherpunsola.com\/wp-content\/uploads\/2024\/03\/logonegre-removebg-preview.png\",\"width\":400,\"height\":135,\"caption\":\"Esther Punsola Arquitecta\"},\"image\":{\"@id\":\"https:\/\/estherpunsola.com\/#\/schema\/logo\/image\/\"}}]}<\/script>\n<!-- \/ Yoast SEO plugin. -->","yoast_head_json":{"title":"Rehabilitaci\u00f3n Torrelles - Esther Punsola Arquitecta","robots":{"index":"index","follow":"follow","max-snippet":"max-snippet:-1","max-image-preview":"max-image-preview:large","max-video-preview":"max-video-preview:-1"},"canonical":"https:\/\/estherpunsola.com\/es\/rehabilitacion-torrelles\/","og_locale":"es_ES","og_type":"article","og_title":"Rehabilitaci\u00f3n Torrelles - Esther Punsola Arquitecta","og_description":"Rehabilitaci\u00f3n de vivienda Rehabilitaci\u00f3n de vivienda entre medianeras basada en criterios de bioarquitectura, obteniendo un proyecto con un dise\u00f1o bioclim\u00e1tico, saludable y eficiente. La combinaci\u00f3n de materiales naturales, recuperaci\u00f3n de elementos antiguos preexistentes, uso de sistemas tradicionales de construcci\u00f3n y b\u00fasqueda de una est\u00e9tica sencilla, crea finalmente un hogar con mucha calidez y mucha luz, [&hellip;]","og_url":"https:\/\/estherpunsola.com\/es\/rehabilitacion-torrelles\/","og_site_name":"Esther Punsola Arquitecta","article_modified_time":"2025-05-05T13:42:01+00:00","og_image":[{"url":"https:\/\/estherpunsola.com\/wp-content\/uploads\/2024\/05\/Torrelles-2.jpg","type":"","width":"","height":""}],"twitter_card":"summary_large_image","schema":{"@context":"https:\/\/schema.org","@graph":[{"@type":"WebPage","@id":"https:\/\/estherpunsola.com\/es\/rehabilitacion-torrelles\/","url":"https:\/\/estherpunsola.com\/es\/rehabilitacion-torrelles\/","name":"Rehabilitaci\u00f3n Torrelles - Esther Punsola Arquitecta","isPartOf":{"@id":"https:\/\/estherpunsola.com\/#website"},"primaryImageOfPage":{"@id":"https:\/\/estherpunsola.com\/es\/rehabilitacion-torrelles\/#primaryimage"},"image":{"@id":"https:\/\/estherpunsola.com\/es\/rehabilitacion-torrelles\/#primaryimage"},"thumbnailUrl":"https:\/\/estherpunsola.com\/wp-content\/uploads\/2024\/05\/Torrelles-2.jpg","datePublished":"2024-05-24T11:11:48+00:00","dateModified":"2025-05-05T13:42:01+00:00","breadcrumb":{"@id":"https:\/\/estherpunsola.com\/es\/rehabilitacion-torrelles\/#breadcrumb"},"inLanguage":"es","potentialAction":[{"@type":"ReadAction","target":["https:\/\/estherpunsola.com\/es\/rehabilitacion-torrelles\/"]}]},{"@type":"ImageObject","inLanguage":"es","@id":"https:\/\/estherpunsola.com\/es\/rehabilitacion-torrelles\/#primaryimage","url":"https:\/\/estherpunsola.com\/wp-content\/uploads\/2024\/05\/Torrelles-2.jpg","contentUrl":"https:\/\/estherpunsola.com\/wp-content\/uploads\/2024\/05\/Torrelles-2.jpg"},{"@type":"BreadcrumbList","@id":"https:\/\/estherpunsola.com\/es\/rehabilitacion-torrelles\/#breadcrumb","itemListElement":[{"@type":"ListItem","position":1,"name":"Portada","item":"https:\/\/estherpunsola.com\/es\/arquitectura-interiorismo-y-reformas-maresme\/"},{"@type":"ListItem","position":2,"name":"Rehabilitaci\u00f3n Torrelles"}]},{"@type":"WebSite","@id":"https:\/\/estherpunsola.com\/#website","url":"https:\/\/estherpunsola.com\/","name":"Esther Punsola Arquitecta","description":"","publisher":{"@id":"https:\/\/estherpunsola.com\/#organization"},"potentialAction":[{"@type":"SearchAction","target":{"@type":"EntryPoint","urlTemplate":"https:\/\/estherpunsola.com\/?s={search_term_string}"},"query-input":{"@type":"PropertyValueSpecification","valueRequired":true,"valueName":"search_term_string"}}],"inLanguage":"es"},{"@type":"Organization","@id":"https:\/\/estherpunsola.com\/#organization","name":"Esther Punsola Arquitecta","url":"https:\/\/estherpunsola.com\/","logo":{"@type":"ImageObject","inLanguage":"es","@id":"https:\/\/estherpunsola.com\/#\/schema\/logo\/image\/","url":"https:\/\/estherpunsola.com\/wp-content\/uploads\/2024\/03\/logonegre-removebg-preview.png","contentUrl":"https:\/\/estherpunsola.com\/wp-content\/uploads\/2024\/03\/logonegre-removebg-preview.png","width":400,"height":135,"caption":"Esther Punsola Arquitecta"},"image":{"@id":"https:\/\/estherpunsola.com\/#\/schema\/logo\/image\/"}}]}},"_links":{"self":[{"href":"https:\/\/estherpunsola.com\/es\/wp-json\/wp\/v2\/pages\/3254","targetHints":{"allow":["GET"]}}],"collection":[{"href":"https:\/\/estherpunsola.com\/es\/wp-json\/wp\/v2\/pages"}],"about":[{"href":"https:\/\/estherpunsola.com\/es\/wp-json\/wp\/v2\/types\/page"}],"author":[{"embeddable":true,"href":"https:\/\/estherpunsola.com\/es\/wp-json\/wp\/v2\/users\/4"}],"replies":[{"embeddable":true,"href":"https:\/\/estherpunsola.com\/es\/wp-json\/wp\/v2\/comments?post=3254"}],"version-history":[{"count":2,"href":"https:\/\/estherpunsola.com\/es\/wp-json\/wp\/v2\/pages\/3254\/revisions"}],"predecessor-version":[{"id":3256,"href":"https:\/\/estherpunsola.com\/es\/wp-json\/wp\/v2\/pages\/3254\/revisions\/3256"}],"wp:attachment":[{"href":"https:\/\/estherpunsola.com\/es\/wp-json\/wp\/v2\/media?parent=3254"}],"curies":[{"name":"wp","href":"https:\/\/api.w.org\/{rel}","templated":true}]}}